{"id":159,"date":"2025-07-16T09:18:55","date_gmt":"2025-07-16T09:18:55","guid":{"rendered":"https:\/\/gisolutions.lu\/site\/?page_id=159"},"modified":"2026-01-08T15:26:23","modified_gmt":"2026-01-08T15:26:23","slug":"contact","status":"publish","type":"page","link":"https:\/\/gisolutions.lu\/site\/contact\/","title":{"rendered":"Contact"},"content":{"rendered":"\t\t<div data-elementor-type=\"wp-page\" data-elementor-id=\"159\" class=\"elementor elementor-159\" data-elementor-post-type=\"page\">\n\t\t\t\t\t\t<section class=\"elementor-section elementor-top-section elementor-element elementor-element-006388e elementor-section-height-min-height elementor-section-content-bottom elementor-section-boxed elementor-section-height-default elementor-section-items-middle\" data-id=\"006388e\" data-element_type=\"section\" data-e-type=\"section\" data-settings=\"{&quot;background_background&quot;:&quot;classic&quot;}\">\n\t\t\t\t\t\t<div class=\"elementor-container elementor-column-gap-default\">\n\t\t\t\t\t<div class=\"elementor-column elementor-col-50 elementor-top-column elementor-element elementor-element-d31283b\" data-id=\"d31283b\" data-element_type=\"column\" data-e-type=\"column\">\n\t\t\t<div class=\"elementor-widget-wrap elementor-element-populated\">\n\t\t\t\t\t\t<div class=\"elementor-element elementor-element-05253da elementor-widget elementor-widget-heading\" data-id=\"05253da\" data-element_type=\"widget\" data-e-type=\"widget\" data-widget_type=\"heading.default\">\n\t\t\t\t\t<h1 class=\"elementor-heading-title elementor-size-default\">Contact<\/h1>\t\t\t\t<\/div>\n\t\t\t\t\t<\/div>\n\t\t<\/div>\n\t\t\t\t<div class=\"elementor-column elementor-col-50 elementor-top-column elementor-element elementor-element-f9e4605\" data-id=\"f9e4605\" data-element_type=\"column\" data-e-type=\"column\">\n\t\t\t<div class=\"elementor-widget-wrap\">\n\t\t\t\t\t\t\t<\/div>\n\t\t<\/div>\n\t\t\t\t\t<\/div>\n\t\t<\/section>\n\t\t\t\t<section class=\"elementor-section elementor-top-section elementor-element elementor-element-c35bb57 elementor-section-boxed elementor-section-height-default elementor-section-height-default\" data-id=\"c35bb57\" data-element_type=\"section\" data-e-type=\"section\">\n\t\t\t\t\t\t<div class=\"elementor-container elementor-column-gap-wider\">\n\t\t\t\t\t<div class=\"elementor-column elementor-col-50 elementor-top-column elementor-element elementor-element-cc916d1\" data-id=\"cc916d1\" data-element_type=\"column\" data-e-type=\"column\">\n\t\t\t<div class=\"elementor-widget-wrap elementor-element-populated\">\n\t\t\t\t\t\t<div class=\"elementor-element elementor-element-96ab8d3 elementor-widget elementor-widget-heading\" data-id=\"96ab8d3\" data-element_type=\"widget\" data-e-type=\"widget\" data-widget_type=\"heading.default\">\n\t\t\t\t\t<h2 class=\"elementor-heading-title elementor-size-default\">Une question ? Besoin d\u2019assistance ? Envie d\u2019une d\u00e9monstration ?<\/h2>\t\t\t\t<\/div>\n\t\t\t\t<div class=\"elementor-element elementor-element-70b7fc5 elementor-widget elementor-widget-text-editor\" data-id=\"70b7fc5\" data-element_type=\"widget\" data-e-type=\"widget\" data-widget_type=\"text-editor.default\">\n\t\t\t\t\t\t\t\t\t<p>Notre \u00e9quipe est \u00e0 votre \u00e9coute pour r\u00e9pondre \u00e0 toutes vos demandes et vous accompagner dans vos projets. Que vous souhaitiez en savoir plus sur nos logiciels, b\u00e9n\u00e9ficier d\u2019un support technique ou planifier une d\u00e9monstration, n\u2019h\u00e9sitez pas \u00e0 nous contacter.<\/p>\t\t\t\t\t\t\t\t<\/div>\n\t\t\t\t<div class=\"elementor-element elementor-element-453a834 elementor-button-align-stretch elementor-widget elementor-widget-form\" data-id=\"453a834\" data-element_type=\"widget\" data-e-type=\"widget\" data-settings=\"{&quot;button_width&quot;:&quot;30&quot;,&quot;step_next_label&quot;:&quot;Suivant&quot;,&quot;step_previous_label&quot;:&quot;Pr\\u00e9c\\u00e9dent&quot;,&quot;step_type&quot;:&quot;number_text&quot;,&quot;step_icon_shape&quot;:&quot;circle&quot;}\" data-widget_type=\"form.default\">\n\t\t\t\t\t\t\t<form class=\"elementor-form\" method=\"post\" name=\"Nouveau formulaire\" aria-label=\"Nouveau formulaire\">\n\t\t\t<input type=\"hidden\" name=\"post_id\" value=\"159\"\/>\n\t\t\t<input type=\"hidden\" name=\"form_id\" value=\"453a834\"\/>\n\t\t\t<input type=\"hidden\" name=\"referer_title\" value=\"Contact - GiSolutions\" \/>\n\n\t\t\t\t\t\t\t<input type=\"hidden\" name=\"queried_id\" value=\"159\"\/>\n\t\t\t\n\t\t\t<div class=\"elementor-form-fields-wrapper elementor-labels-\">\n\t\t\t\t\t\t\t\t<div class=\"elementor-field-type-text elementor-field-group elementor-column elementor-field-group-name elementor-col-100 elementor-field-required\">\n\t\t\t\t\t\t\t\t\t\t\t\t<label for=\"form-field-name\" class=\"elementor-field-label elementor-screen-only\">\n\t\t\t\t\t\t\t\tNom\t\t\t\t\t\t\t<\/label>\n\t\t\t\t\t\t\t\t\t\t\t\t\t\t<input size=\"1\" type=\"text\" name=\"form_fields[name]\" id=\"form-field-name\" class=\"elementor-field elementor-size-sm  elementor-field-textual\" placeholder=\"Nom\" required=\"required\">\n\t\t\t\t\t\t\t\t\t\t\t<\/div>\n\t\t\t\t\t\t\t\t<div class=\"elementor-field-type-email elementor-field-group elementor-column elementor-field-group-email elementor-col-100 elementor-field-required\">\n\t\t\t\t\t\t\t\t\t\t\t\t<label for=\"form-field-email\" class=\"elementor-field-label elementor-screen-only\">\n\t\t\t\t\t\t\t\tE-mail\t\t\t\t\t\t\t<\/label>\n\t\t\t\t\t\t\t\t\t\t\t\t\t\t<input size=\"1\" type=\"email\" name=\"form_fields[email]\" id=\"form-field-email\" class=\"elementor-field elementor-size-sm  elementor-field-textual\" placeholder=\"E-mail\" required=\"required\">\n\t\t\t\t\t\t\t\t\t\t\t<\/div>\n\t\t\t\t\t\t\t\t<div class=\"elementor-field-type-tel elementor-field-group elementor-column elementor-field-group-field_202571b elementor-col-100 elementor-field-required\">\n\t\t\t\t\t\t\t\t\t\t\t\t<label for=\"form-field-field_202571b\" class=\"elementor-field-label elementor-screen-only\">\n\t\t\t\t\t\t\t\tTel\t\t\t\t\t\t\t<\/label>\n\t\t\t\t\t\t\t\t<input size=\"1\" type=\"tel\" name=\"form_fields[field_202571b]\" id=\"form-field-field_202571b\" class=\"elementor-field elementor-size-sm  elementor-field-textual\" placeholder=\"Tel\" required=\"required\" pattern=\"[0-9()#&amp;+*-=.]+\" title=\"Seuls les caract\u00e8res de num\u00e9ros de t\u00e9l\u00e9phone (#, -, *, etc.) sont accept\u00e9s.\">\n\n\t\t\t\t\t\t<\/div>\n\t\t\t\t\t\t\t\t<div class=\"elementor-field-type-textarea elementor-field-group elementor-column elementor-field-group-message elementor-col-100\">\n\t\t\t\t\t\t\t\t\t\t\t\t<label for=\"form-field-message\" class=\"elementor-field-label elementor-screen-only\">\n\t\t\t\t\t\t\t\tMessage\t\t\t\t\t\t\t<\/label>\n\t\t\t\t\t\t<textarea class=\"elementor-field-textual elementor-field  elementor-size-sm\" name=\"form_fields[message]\" id=\"form-field-message\" rows=\"4\" placeholder=\"Message\"><\/textarea>\t\t\t\t<\/div>\n\t\t\t\t\t\t\t\t<div class=\"elementor-field-type-acceptance elementor-field-group elementor-column elementor-field-group-field_a9a5455 elementor-col-100 elementor-field-required\">\n\t\t\t\t\t\t\t\t\t\t\t\t<label for=\"form-field-field_a9a5455\" class=\"elementor-field-label elementor-screen-only\">\n\t\t\t\t\t\t\t\tMessage\t\t\t\t\t\t\t<\/label>\n\t\t\t\t\t\t\t\t<div class=\"elementor-field-subgroup\">\n\t\t\t<span class=\"elementor-field-option\">\n\t\t\t\t<input type=\"checkbox\" name=\"form_fields[field_a9a5455]\" id=\"form-field-field_a9a5455\" class=\"elementor-field elementor-size-sm  elementor-acceptance-field\" required=\"required\">\n\t\t\t\t<label for=\"form-field-field_a9a5455\">En soumettant ce formulaire, j'accepte que les informations saisies soient exploit\u00e9es pour permettre de me recontacter dans le cadre de ma demande.<\/label>\t\t\t<\/span>\n\t\t<\/div>\n\t\t\t\t\t\t<\/div>\n\t\t\t\t\t\t\t\t<div class=\"elementor-field-type-recaptcha_v3 elementor-field-group elementor-column elementor-field-group-field_8e17ad9 elementor-col-100 recaptcha_v3-bottomright\">\n\t\t\t\t\t<div class=\"elementor-field\" id=\"form-field-field_8e17ad9\"><div class=\"elementor-g-recaptcha\" data-sitekey=\"6LesUEQsAAAAAGOzxzm8df7Z9IcQ9es94gtPiA5-\" data-type=\"v3\" data-action=\"Form\" data-badge=\"bottomright\" data-size=\"invisible\"><\/div><\/div>\t\t\t\t<\/div>\n\t\t\t\t\t\t\t\t<div class=\"elementor-field-group elementor-column elementor-field-type-submit elementor-col-30 e-form__buttons\">\n\t\t\t\t\t<button class=\"elementor-button elementor-size-sm\" type=\"submit\">\n\t\t\t\t\t\t<span class=\"elementor-button-content-wrapper\">\n\t\t\t\t\t\t\t\t\t\t\t\t\t\t\t\t\t\t\t\t\t\t<span class=\"elementor-button-text\">Envoyer<\/span>\n\t\t\t\t\t\t\t\t\t\t\t\t\t<\/span>\n\t\t\t\t\t<\/button>\n\t\t\t\t<\/div>\n\t\t\t<\/div>\n\t\t<\/form>\n\t\t\t\t\t\t<\/div>\n\t\t\t\t\t<\/div>\n\t\t<\/div>\n\t\t\t\t<div class=\"elementor-column elementor-col-50 elementor-top-column elementor-element elementor-element-4a3834f\" data-id=\"4a3834f\" data-element_type=\"column\" data-e-type=\"column\">\n\t\t\t<div class=\"elementor-widget-wrap elementor-element-populated\">\n\t\t\t\t\t\t<section class=\"elementor-section elementor-inner-section elementor-element elementor-element-0f87ac0 elementor-section-boxed elementor-section-height-default elementor-section-height-default\" data-id=\"0f87ac0\" data-element_type=\"section\" data-e-type=\"section\">\n\t\t\t\t\t\t<div class=\"elementor-container elementor-column-gap-default\">\n\t\t\t\t\t<div class=\"elementor-column elementor-col-50 elementor-inner-column elementor-element elementor-element-57100a2\" data-id=\"57100a2\" data-element_type=\"column\" data-e-type=\"column\">\n\t\t\t<div class=\"elementor-widget-wrap elementor-element-populated\">\n\t\t\t\t\t\t<div class=\"elementor-element elementor-element-9b18f98 elementor-view-default elementor-widget elementor-widget-icon\" data-id=\"9b18f98\" data-element_type=\"widget\" data-e-type=\"widget\" data-widget_type=\"icon.default\">\n\t\t\t\t\t\t\t<div class=\"elementor-icon-wrapper\">\n\t\t\t<div class=\"elementor-icon\">\n\t\t\t<svg aria-hidden=\"true\" class=\"e-font-icon-svg e-fas-phone-alt\" viewBox=\"0 0 512 512\" xmlns=\"http:\/\/www.w3.org\/2000\/svg\"><path d=\"M497.39 361.8l-112-48a24 24 0 0 0-28 6.9l-49.6 60.6A370.66 370.66 0 0 1 130.6 204.11l60.6-49.6a23.94 23.94 0 0 0 6.9-28l-48-112A24.16 24.16 0 0 0 122.6.61l-104 24A24 24 0 0 0 0 48c0 256.5 207.9 464 464 464a24 24 0 0 0 23.4-18.6l24-104a24.29 24.29 0 0 0-14.01-27.6z\"><\/path><\/svg>\t\t\t<\/div>\n\t\t<\/div>\n\t\t\t\t\t\t<\/div>\n\t\t\t\t<div class=\"elementor-element elementor-element-7094297 elementor-widget elementor-widget-text-editor\" data-id=\"7094297\" data-element_type=\"widget\" data-e-type=\"widget\" data-widget_type=\"text-editor.default\">\n\t\t\t\t\t\t\t\t\t<p>T\u00e9l\u00e9phone: +352 395 866<br \/>Fax: +352 395 867<\/p>\t\t\t\t\t\t\t\t<\/div>\n\t\t\t\t\t<\/div>\n\t\t<\/div>\n\t\t\t\t<div class=\"elementor-column elementor-col-50 elementor-inner-column elementor-element elementor-element-e668a61\" data-id=\"e668a61\" data-element_type=\"column\" data-e-type=\"column\">\n\t\t\t<div class=\"elementor-widget-wrap elementor-element-populated\">\n\t\t\t\t\t\t<div class=\"elementor-element elementor-element-a7da666 elementor-view-default elementor-widget elementor-widget-icon\" data-id=\"a7da666\" data-element_type=\"widget\" data-e-type=\"widget\" data-widget_type=\"icon.default\">\n\t\t\t\t\t\t\t<div class=\"elementor-icon-wrapper\">\n\t\t\t<div class=\"elementor-icon\">\n\t\t\t<svg aria-hidden=\"true\" class=\"e-font-icon-svg e-fas-location-arrow\" viewBox=\"0 0 512 512\" xmlns=\"http:\/\/www.w3.org\/2000\/svg\"><path d=\"M444.52 3.52L28.74 195.42c-47.97 22.39-31.98 92.75 19.19 92.75h175.91v175.91c0 51.17 70.36 67.17 92.75 19.19l191.9-415.78c15.99-38.39-25.59-79.97-63.97-63.97z\"><\/path><\/svg>\t\t\t<\/div>\n\t\t<\/div>\n\t\t\t\t\t\t<\/div>\n\t\t\t\t<div class=\"elementor-element elementor-element-ff0a2f7 elementor-widget elementor-widget-text-editor\" data-id=\"ff0a2f7\" data-element_type=\"widget\" data-e-type=\"widget\" data-widget_type=\"text-editor.default\">\n\t\t\t\t\t\t\t\t\t<p>37, rue Romain Fandel<br \/>L-4149 Esch-sur-Alzette<br \/>Luxembourg<\/p>\t\t\t\t\t\t\t\t<\/div>\n\t\t\t\t\t<\/div>\n\t\t<\/div>\n\t\t\t\t\t<\/div>\n\t\t<\/section>\n\t\t\t\t<div class=\"elementor-element elementor-element-cb649f2 elementor-widget elementor-widget-google_maps\" data-id=\"cb649f2\" data-element_type=\"widget\" data-e-type=\"widget\" data-widget_type=\"google_maps.default\">\n\t\t\t\t\t\t\t<div class=\"elementor-custom-embed\">\n\t\t\t<iframe loading=\"lazy\"\n\t\t\t\t\tsrc=\"https:\/\/maps.google.com\/maps?q=37%2C%20rue%20Romain%20Fandel%20L-4149%20Esch-sur-Alzette&#038;t=m&#038;z=11&#038;output=embed&#038;iwloc=near\"\n\t\t\t\t\ttitle=\"37, rue Romain Fandel L-4149 Esch-sur-Alzette\"\n\t\t\t\t\taria-label=\"37, rue Romain Fandel L-4149 Esch-sur-Alzette\"\n\t\t\t><\/iframe>\n\t\t<\/div>\n\t\t\t\t\t\t<\/div>\n\t\t\t\t\t<\/div>\n\t\t<\/div>\n\t\t\t\t\t<\/div>\n\t\t<\/section>\n\t\t\t\t<\/div>\n\t\t","protected":false},"excerpt":{"rendered":"<p>Une question ? Besoin d\u2019assistance ? Envie d\u2019une d\u00e9monstration ? Notre \u00e9quipe est \u00e0 votre \u00e9coute pour r\u00e9pondre \u00e0 toutes vos demandes et vous accompagner dans vos projets. Que vous souhaitiez en savoir plus sur nos logiciels, b\u00e9n\u00e9ficier d\u2019un support technique ou planifier une d\u00e9monstration, n\u2019h\u00e9sitez pas \u00e0 nous contacter. T\u00e9l\u00e9phone: +352 395 866Fax: +352 [&hellip;]<\/p>\n","protected":false},"author":2,"featured_media":0,"parent":0,"menu_order":0,"comment_status":"closed","ping_status":"closed","template":"elementor_header_footer","meta":{"footnotes":""},"class_list":["post-159","page","type-page","status-publish","hentry"],"yoast_head":"<!-- This site is optimized with the Yoast SEO plugin v27.2 - https:\/\/yoast.com\/product\/yoast-seo-wordpress\/ -->\n<title>Contact - GiSolutions<\/title>\n<meta name=\"robots\" content=\"index, follow, max-snippet:-1, max-image-preview:large, max-video-preview:-1\" \/>\n<link rel=\"canonical\" href=\"https:\/\/gisolutions.lu\/site\/contact\/\" \/>\n<meta property=\"og:locale\" content=\"fr_FR\" \/>\n<meta property=\"og:type\" content=\"article\" \/>\n<meta property=\"og:title\" content=\"Contact - GiSolutions\" \/>\n<meta property=\"og:description\" content=\"Une question ? Besoin d\u2019assistance ? Envie d\u2019une d\u00e9monstration ? Notre \u00e9quipe est \u00e0 votre \u00e9coute pour r\u00e9pondre \u00e0 toutes vos demandes et vous accompagner dans vos projets. Que vous souhaitiez en savoir plus sur nos logiciels, b\u00e9n\u00e9ficier d\u2019un support technique ou planifier une d\u00e9monstration, n\u2019h\u00e9sitez pas \u00e0 nous contacter. T\u00e9l\u00e9phone: +352 395 866Fax: +352 [&hellip;]\" \/>\n<meta property=\"og:url\" content=\"https:\/\/gisolutions.lu\/site\/contact\/\" \/>\n<meta property=\"og:site_name\" content=\"GiSolutions\" \/>\n<meta property=\"article:modified_time\" content=\"2026-01-08T15:26:23+00:00\" \/>\n<meta name=\"twitter:card\" content=\"summary_large_image\" \/>\n<meta name=\"twitter:label1\" content=\"Dur\u00e9e de lecture estim\u00e9e\" \/>\n\t<meta name=\"twitter:data1\" content=\"1 minute\" \/>\n<script type=\"application\/ld+json\" class=\"yoast-schema-graph\">{\"@context\":\"https:\/\/schema.org\",\"@graph\":[{\"@type\":\"WebPage\",\"@id\":\"https:\/\/gisolutions.lu\/site\/contact\/\",\"url\":\"https:\/\/gisolutions.lu\/site\/contact\/\",\"name\":\"Contact - GiSolutions\",\"isPartOf\":{\"@id\":\"https:\/\/gisolutions.lu\/site\/#website\"},\"datePublished\":\"2025-07-16T09:18:55+00:00\",\"dateModified\":\"2026-01-08T15:26:23+00:00\",\"breadcrumb\":{\"@id\":\"https:\/\/gisolutions.lu\/site\/contact\/#breadcrumb\"},\"inLanguage\":\"fr-FR\",\"potentialAction\":[{\"@type\":\"ReadAction\",\"target\":[\"https:\/\/gisolutions.lu\/site\/contact\/\"]}]},{\"@type\":\"BreadcrumbList\",\"@id\":\"https:\/\/gisolutions.lu\/site\/contact\/#breadcrumb\",\"itemListElement\":[{\"@type\":\"ListItem\",\"position\":1,\"name\":\"Accueil\",\"item\":\"https:\/\/gisolutions.lu\/site\/\"},{\"@type\":\"ListItem\",\"position\":2,\"name\":\"Contact\"}]},{\"@type\":\"WebSite\",\"@id\":\"https:\/\/gisolutions.lu\/site\/#website\",\"url\":\"https:\/\/gisolutions.lu\/site\/\",\"name\":\"GiSolutions\",\"description\":\"Vos logiciels de gestion pour le secteur m\u00e9dical\",\"publisher\":{\"@id\":\"https:\/\/gisolutions.lu\/site\/#organization\"},\"potentialAction\":[{\"@type\":\"SearchAction\",\"target\":{\"@type\":\"EntryPoint\",\"urlTemplate\":\"https:\/\/gisolutions.lu\/site\/?s={search_term_string}\"},\"query-input\":{\"@type\":\"PropertyValueSpecification\",\"valueRequired\":true,\"valueName\":\"search_term_string\"}}],\"inLanguage\":\"fr-FR\"},{\"@type\":\"Organization\",\"@id\":\"https:\/\/gisolutions.lu\/site\/#organization\",\"name\":\"GiSolutions\",\"url\":\"https:\/\/gisolutions.lu\/site\/\",\"logo\":{\"@type\":\"ImageObject\",\"inLanguage\":\"fr-FR\",\"@id\":\"https:\/\/gisolutions.lu\/site\/#\/schema\/logo\/image\/\",\"url\":\"https:\/\/gisolutions.lu\/site\/wp-content\/uploads\/2025\/07\/Logo-Gisolutions-gestion-cabinet-medicaux.png\",\"contentUrl\":\"https:\/\/gisolutions.lu\/site\/wp-content\/uploads\/2025\/07\/Logo-Gisolutions-gestion-cabinet-medicaux.png\",\"width\":1080,\"height\":555,\"caption\":\"GiSolutions\"},\"image\":{\"@id\":\"https:\/\/gisolutions.lu\/site\/#\/schema\/logo\/image\/\"}}]}<\/script>\n<!-- \/ Yoast SEO plugin. -->","yoast_head_json":{"title":"Contact - GiSolutions","robots":{"index":"index","follow":"follow","max-snippet":"max-snippet:-1","max-image-preview":"max-image-preview:large","max-video-preview":"max-video-preview:-1"},"canonical":"https:\/\/gisolutions.lu\/site\/contact\/","og_locale":"fr_FR","og_type":"article","og_title":"Contact - GiSolutions","og_description":"Une question ? Besoin d\u2019assistance ? Envie d\u2019une d\u00e9monstration ? Notre \u00e9quipe est \u00e0 votre \u00e9coute pour r\u00e9pondre \u00e0 toutes vos demandes et vous accompagner dans vos projets. Que vous souhaitiez en savoir plus sur nos logiciels, b\u00e9n\u00e9ficier d\u2019un support technique ou planifier une d\u00e9monstration, n\u2019h\u00e9sitez pas \u00e0 nous contacter. T\u00e9l\u00e9phone: +352 395 866Fax: +352 [&hellip;]","og_url":"https:\/\/gisolutions.lu\/site\/contact\/","og_site_name":"GiSolutions","article_modified_time":"2026-01-08T15:26:23+00:00","twitter_card":"summary_large_image","twitter_misc":{"Dur\u00e9e de lecture estim\u00e9e":"1 minute"},"schema":{"@context":"https:\/\/schema.org","@graph":[{"@type":"WebPage","@id":"https:\/\/gisolutions.lu\/site\/contact\/","url":"https:\/\/gisolutions.lu\/site\/contact\/","name":"Contact - GiSolutions","isPartOf":{"@id":"https:\/\/gisolutions.lu\/site\/#website"},"datePublished":"2025-07-16T09:18:55+00:00","dateModified":"2026-01-08T15:26:23+00:00","breadcrumb":{"@id":"https:\/\/gisolutions.lu\/site\/contact\/#breadcrumb"},"inLanguage":"fr-FR","potentialAction":[{"@type":"ReadAction","target":["https:\/\/gisolutions.lu\/site\/contact\/"]}]},{"@type":"BreadcrumbList","@id":"https:\/\/gisolutions.lu\/site\/contact\/#breadcrumb","itemListElement":[{"@type":"ListItem","position":1,"name":"Accueil","item":"https:\/\/gisolutions.lu\/site\/"},{"@type":"ListItem","position":2,"name":"Contact"}]},{"@type":"WebSite","@id":"https:\/\/gisolutions.lu\/site\/#website","url":"https:\/\/gisolutions.lu\/site\/","name":"GiSolutions","description":"Vos logiciels de gestion pour le secteur m\u00e9dical","publisher":{"@id":"https:\/\/gisolutions.lu\/site\/#organization"},"potentialAction":[{"@type":"SearchAction","target":{"@type":"EntryPoint","urlTemplate":"https:\/\/gisolutions.lu\/site\/?s={search_term_string}"},"query-input":{"@type":"PropertyValueSpecification","valueRequired":true,"valueName":"search_term_string"}}],"inLanguage":"fr-FR"},{"@type":"Organization","@id":"https:\/\/gisolutions.lu\/site\/#organization","name":"GiSolutions","url":"https:\/\/gisolutions.lu\/site\/","logo":{"@type":"ImageObject","inLanguage":"fr-FR","@id":"https:\/\/gisolutions.lu\/site\/#\/schema\/logo\/image\/","url":"https:\/\/gisolutions.lu\/site\/wp-content\/uploads\/2025\/07\/Logo-Gisolutions-gestion-cabinet-medicaux.png","contentUrl":"https:\/\/gisolutions.lu\/site\/wp-content\/uploads\/2025\/07\/Logo-Gisolutions-gestion-cabinet-medicaux.png","width":1080,"height":555,"caption":"GiSolutions"},"image":{"@id":"https:\/\/gisolutions.lu\/site\/#\/schema\/logo\/image\/"}}]}},"_links":{"self":[{"href":"https:\/\/gisolutions.lu\/site\/wp-json\/wp\/v2\/pages\/159","targetHints":{"allow":["GET"]}}],"collection":[{"href":"https:\/\/gisolutions.lu\/site\/wp-json\/wp\/v2\/pages"}],"about":[{"href":"https:\/\/gisolutions.lu\/site\/wp-json\/wp\/v2\/types\/page"}],"author":[{"embeddable":true,"href":"https:\/\/gisolutions.lu\/site\/wp-json\/wp\/v2\/users\/2"}],"replies":[{"embeddable":true,"href":"https:\/\/gisolutions.lu\/site\/wp-json\/wp\/v2\/comments?post=159"}],"version-history":[{"count":22,"href":"https:\/\/gisolutions.lu\/site\/wp-json\/wp\/v2\/pages\/159\/revisions"}],"predecessor-version":[{"id":451,"href":"https:\/\/gisolutions.lu\/site\/wp-json\/wp\/v2\/pages\/159\/revisions\/451"}],"wp:attachment":[{"href":"https:\/\/gisolutions.lu\/site\/wp-json\/wp\/v2\/media?parent=159"}],"curies":[{"name":"wp","href":"https:\/\/api.w.org\/{rel}","templated":true}]}}