{"id":176,"date":"2025-07-16T09:32:47","date_gmt":"2025-07-16T09:32:47","guid":{"rendered":"https:\/\/gisolutions.lu\/site\/?page_id=176"},"modified":"2025-07-16T09:38:39","modified_gmt":"2025-07-16T09:38:39","slug":"mentions-legales","status":"publish","type":"page","link":"https:\/\/gisolutions.lu\/site\/mentions-legales\/","title":{"rendered":"Mentions l\u00e9gales"},"content":{"rendered":"\t\t<div data-elementor-type=\"wp-page\" data-elementor-id=\"176\" class=\"elementor elementor-176\" data-elementor-post-type=\"page\">\n\t\t\t\t<div class=\"elementor-element elementor-element-cb06559 e-flex e-con-boxed e-con e-parent\" data-id=\"cb06559\" data-element_type=\"container\" data-e-type=\"container\" data-settings=\"{&quot;background_background&quot;:&quot;classic&quot;}\">\n\t\t\t\t\t<div class=\"e-con-inner\">\n\t\t<div class=\"elementor-element elementor-element-be248d1 e-con-full e-flex e-con e-child\" data-id=\"be248d1\" data-element_type=\"container\" data-e-type=\"container\">\n\t\t\t\t<div class=\"elementor-element elementor-element-b859f59 elementor-widget__width-initial elementor-widget elementor-widget-heading\" data-id=\"b859f59\" data-element_type=\"widget\" data-e-type=\"widget\" data-widget_type=\"heading.default\">\n\t\t\t\t\t<h1 class=\"elementor-heading-title elementor-size-default\">Mentions l\u00e9gales<\/h1>\t\t\t\t<\/div>\n\t\t\t\t<\/div>\n\t\t<div class=\"elementor-element elementor-element-3e4a827 e-con-full e-flex e-con e-child\" data-id=\"3e4a827\" data-element_type=\"container\" data-e-type=\"container\">\n\t\t\t\t<\/div>\n\t\t\t\t\t<\/div>\n\t\t\t\t<\/div>\n\t\t<div class=\"elementor-element elementor-element-1e65c83 e-flex e-con-boxed e-con e-parent\" data-id=\"1e65c83\" data-element_type=\"container\" data-e-type=\"container\">\n\t\t\t\t\t<div class=\"e-con-inner\">\n\t\t\t\t<div class=\"elementor-element elementor-element-1598da1 elementor-widget elementor-widget-text-editor\" data-id=\"1598da1\" data-element_type=\"widget\" data-e-type=\"widget\" data-widget_type=\"text-editor.default\">\n\t\t\t\t\t\t\t\t\t<p><strong>Editeur<\/strong><\/p><p>L\u2019\u00e9diteur du site internet est :<\/p><p>Gi Solutions SARL<br \/>Domicili\u00e9e au : 37 rue Romain Fandel L4149 Esch-sur-Alzette \u2013 Luxembourg<br \/>Immatricul\u00e9e sous le num\u00e9ro\u00a0<br \/>Vous pouvez contacter le responsable de l\u2019\u00e9dition du site internet par par mail \u00e0 l\u2019adresse <em>(information \u00e0 venir)<\/em><\/p><p><strong>Directeur de la publication<\/strong><\/p><p>Le site internet www.gisolutions.lu est dirig\u00e9 et exploit\u00e9 l\u2019\u00e9diteur susmentionn\u00e9<\/p><p>H\u00e9bergeur du site internet<\/p><p>Le pr\u00e9sent site internet est h\u00e9berg\u00e9 par : <em>(Information \u00e0 venir)<\/em><\/p><p><strong>Protection de la propri\u00e9t\u00e9 intellectuelle<\/strong><\/p><p>Les \u00e9l\u00e9ments pr\u00e9sents sur ce site internet sont fournis par le prestataire. Ils restent de l\u2019ordre de sa propri\u00e9t\u00e9 intellectuelle. Tous droits de reproduction, modification et de diffusion sont r\u00e9serv\u00e9s.<\/p><p>La reproduction, partielle ou totale, des \u0153uvres sur le site internet ne peut \u00eatre effectu\u00e9e sans l\u2019accord expr\u00e8s du prestataire.<\/p><p>Les utilisateurs s\u2019engagent \u00e0 ne pas utiliser, transmettre ou reproduire tout ou partie de ces documents en vue de l\u2019organisation ou de l\u2019animation de prestations connexes \u00e0 celles exerc\u00e9es par le prestataire. Aucune action de parasitisme et de concurrence d\u00e9loyale ne sera tol\u00e9r\u00e9e. Il est strictement interdit aux utilisateurs de proc\u00e9der au don ou \u00e0 la revente des supports \u00e9crits, oraux ou vid\u00e9os d\u00e9livr\u00e9s par le prestataire, sous peine de poursuites judiciaires.<\/p><p><strong>Informatique et libert\u00e9s<\/strong><\/p><p>Les donn\u00e9es trait\u00e9es en ligne par Gisolutions sarl concernent les informations personnelles des utilisateurs, apr\u00e8s avoir recueilli leur consentement. Aucune donn\u00e9e personnelle n\u2019est vendue, transf\u00e9r\u00e9e ou communiqu\u00e9e \u00e0 des tiers.<\/p><p>Elles sont conserv\u00e9es par le prestataire pour une dur\u00e9e de 3 ans, \u00e0 des fins professionnelles de prospection.<\/p><p>Conform\u00e9ment aux dispositions en vigueur relatives \u00e0 l\u2019informatique, aux fichiers et aux libert\u00e9s, vous disposez d\u2019un droit d\u2019acc\u00e8s, de modification, de rectification et de suppression des donn\u00e9es qui vous concernent. L\u2019editeur est responsable du traitement de donn\u00e9es personnelles sur ce site internet. Si vous souhaitez exercer ces droits, vous pouvez nous contacter \u00e0 l\u2019adresse susmentionn\u00e9e.<\/p><p>Pour solliciter une modification, une rectification ou une suppression des donn\u00e9es vous concernant, il vous suffit d\u2019envoyer l\u2019editeur un courrier par voie \u00e9lectronique ou postale en justifiant de votre identit\u00e9.<\/p><p>Si vous estimez que le site internet ne respecte pas vos droits en mati\u00e8re de protection des donn\u00e9es personnelles, vous pouvez \u00e9galement former un recours aupr\u00e8s de la Commission Nationale pour la protection des donn\u00e9es : https:\/\/cnpd.public.lu apr\u00e8s une tentative pr\u00e9alable de r\u00e9solution amiable des diff\u00e9rends.<\/p><p>Merci de consulter la politique de confidentialit\u00e9 pr\u00e9vue \u00e0 ce sujet.<\/p><p><strong>Les cookies<\/strong><\/p><p>Un cookie est un petit fichier constitu\u00e9 de lettres et de chiffres et t\u00e9l\u00e9charg\u00e9 sur votre ordinateur lorsque vous acc\u00e9dez \u00e0 certains sites web. En g\u00e9n\u00e9ral, les cookies permettent \u00e0 un site web de reconna\u00eetre l\u2019ordinateur de l\u2019utilisateur. La chose la plus importante \u00e0 savoir sur les cookies que nous pla\u00e7ons est qu\u2019ils servent \u00e0 am\u00e9liorer la convivialit\u00e9 de notre site web, par exemple en m\u00e9morisant les pr\u00e9f\u00e9rences du site et les param\u00e8tres linguistiques.<\/p><p>Nous pouvons utiliser des cookies et d\u2019autres technologies similaires pour un certain nombre de raisons, par exemple : i) pour des besoins de s\u00e9curit\u00e9 ou de protection contre la fraude, et afin d\u2019identifier et de pr\u00e9venir les cyber-attaques, ii) pour vous fournir le service que vous avez choisi de recevoir de notre part, iii) pour contr\u00f4ler et analyser les performances, le fonctionnement et l\u2019efficacit\u00e9 de notre service et iv) d\u2019am\u00e9liorer votre exp\u00e9rience utilisateur.<\/p><p>Les cookies utilis\u00e9s sont mentionn\u00e9s dans la politique de confidentialit\u00e9.<\/p><p>Pour en savoir plus sur les cookies, notamment sur la mani\u00e8re de voir quels cookies ont \u00e9t\u00e9 d\u00e9finis et de comprendre comment les g\u00e9rer, les supprimer ou les bloquer, visitez https:\/\/aboutcookies.org\/ ou https:\/\/www.allaboutcookies.org\/fr\/.<\/p><p>Il est \u00e9galement possible d\u2019emp\u00eacher votre navigateur d\u2019accepter les cookies en modifiant les param\u00e8tres concern\u00e9s dans votre navigateur. Vous pouvez g\u00e9n\u00e9ralement trouver ces param\u00e8tres dans le menu \u00ab Options \u00bb ou \u00ab Pr\u00e9f\u00e9rences \u00bb de votre navigateur.<\/p><p>Veuillez noter que la suppression de nos cookies ou la d\u00e9sactivation de futurs cookies ou technologies de suivi pourront vous emp\u00eacher d\u2019acc\u00e9der \u00e0 certaines zones ou fonctionnalit\u00e9s de nos services, ou pourront autrement affecter n\u00e9gativement votre exp\u00e9rience d\u2019utilisateur.<\/p><p>Vous pouvez utiliser l\u2019option \u00ab Aide \u00bb de votre navigateur.<\/p><p>Pour refuser et emp\u00eacher que vos donn\u00e9es soient utilis\u00e9es par Google Analytics sur tous les sites web, consultez les instructions suivantes : https:\/\/tools.google.com\/dlpage\/gaoptout?hl=fr.<\/p><p>Il se peut que nous modifiions cette politique en mati\u00e8re de cookies. Nous vous encourageons \u00e0 consulter r\u00e9guli\u00e8rement cette page pour obtenir les derni\u00e8res informations sur les cookies.<\/p><p>Les bases de donn\u00e9es sont prot\u00e9g\u00e9es par les dispositions de la loi du 1er juillet 1998 transposant la directive 96\/9 du 11 mars 1996 relative \u00e0 la protection juridique des bases de donn\u00e9es.<\/p><p>Date de la derni\u00e8re mise \u00e0 jour : 01\/07\/2025<\/p>\t\t\t\t\t\t\t\t<\/div>\n\t\t\t\t\t<\/div>\n\t\t\t\t<\/div>\n\t\t\t\t<\/div>\n\t\t","protected":false},"excerpt":{"rendered":"<p>Editeur L\u2019\u00e9diteur du site internet est : Gi Solutions SARLDomicili\u00e9e au : 37 rue Romain Fandel L4149 Esch-sur-Alzette \u2013 LuxembourgImmatricul\u00e9e sous le num\u00e9ro\u00a0Vous pouvez contacter le responsable de l\u2019\u00e9dition du site internet par par mail \u00e0 l\u2019adresse (information \u00e0 venir) Directeur de la publication Le site internet www.gisolutions.lu est dirig\u00e9 et exploit\u00e9 l\u2019\u00e9diteur susmentionn\u00e9 H\u00e9bergeur [&hellip;]<\/p>\n","protected":false},"author":2,"featured_media":0,"parent":0,"menu_order":0,"comment_status":"closed","ping_status":"closed","template":"elementor_header_footer","meta":{"footnotes":""},"class_list":["post-176","page","type-page","status-publish","hentry"],"yoast_head":"<!-- This site is optimized with the Yoast SEO plugin v27.2 - https:\/\/yoast.com\/product\/yoast-seo-wordpress\/ -->\n<title>Mentions l\u00e9gales - GiSolutions<\/title>\n<meta name=\"robots\" content=\"index, follow, max-snippet:-1, max-image-preview:large, max-video-preview:-1\" \/>\n<link rel=\"canonical\" href=\"https:\/\/gisolutions.lu\/site\/mentions-legales\/\" \/>\n<meta property=\"og:locale\" content=\"fr_FR\" \/>\n<meta property=\"og:type\" content=\"article\" \/>\n<meta property=\"og:title\" content=\"Mentions l\u00e9gales - GiSolutions\" \/>\n<meta property=\"og:description\" content=\"Editeur L\u2019\u00e9diteur du site internet est : Gi Solutions SARLDomicili\u00e9e au : 37 rue Romain Fandel L4149 Esch-sur-Alzette \u2013 LuxembourgImmatricul\u00e9e sous le num\u00e9ro\u00a0Vous pouvez contacter le responsable de l\u2019\u00e9dition du site internet par par mail \u00e0 l\u2019adresse (information \u00e0 venir) Directeur de la publication Le site internet www.gisolutions.lu est dirig\u00e9 et exploit\u00e9 l\u2019\u00e9diteur susmentionn\u00e9 H\u00e9bergeur [&hellip;]\" \/>\n<meta property=\"og:url\" content=\"https:\/\/gisolutions.lu\/site\/mentions-legales\/\" \/>\n<meta property=\"og:site_name\" content=\"GiSolutions\" \/>\n<meta property=\"article:modified_time\" content=\"2025-07-16T09:38:39+00:00\" \/>\n<meta name=\"twitter:card\" content=\"summary_large_image\" \/>\n<meta name=\"twitter:label1\" content=\"Dur\u00e9e de lecture estim\u00e9e\" \/>\n\t<meta name=\"twitter:data1\" content=\"4 minutes\" \/>\n<script type=\"application\/ld+json\" class=\"yoast-schema-graph\">{\"@context\":\"https:\/\/schema.org\",\"@graph\":[{\"@type\":\"WebPage\",\"@id\":\"https:\/\/gisolutions.lu\/site\/mentions-legales\/\",\"url\":\"https:\/\/gisolutions.lu\/site\/mentions-legales\/\",\"name\":\"Mentions l\u00e9gales - GiSolutions\",\"isPartOf\":{\"@id\":\"https:\/\/gisolutions.lu\/site\/#website\"},\"datePublished\":\"2025-07-16T09:32:47+00:00\",\"dateModified\":\"2025-07-16T09:38:39+00:00\",\"breadcrumb\":{\"@id\":\"https:\/\/gisolutions.lu\/site\/mentions-legales\/#breadcrumb\"},\"inLanguage\":\"fr-FR\",\"potentialAction\":[{\"@type\":\"ReadAction\",\"target\":[\"https:\/\/gisolutions.lu\/site\/mentions-legales\/\"]}]},{\"@type\":\"BreadcrumbList\",\"@id\":\"https:\/\/gisolutions.lu\/site\/mentions-legales\/#breadcrumb\",\"itemListElement\":[{\"@type\":\"ListItem\",\"position\":1,\"name\":\"Accueil\",\"item\":\"https:\/\/gisolutions.lu\/site\/\"},{\"@type\":\"ListItem\",\"position\":2,\"name\":\"Mentions l\u00e9gales\"}]},{\"@type\":\"WebSite\",\"@id\":\"https:\/\/gisolutions.lu\/site\/#website\",\"url\":\"https:\/\/gisolutions.lu\/site\/\",\"name\":\"GiSolutions\",\"description\":\"Vos logiciels de gestion pour le secteur m\u00e9dical\",\"publisher\":{\"@id\":\"https:\/\/gisolutions.lu\/site\/#organization\"},\"potentialAction\":[{\"@type\":\"SearchAction\",\"target\":{\"@type\":\"EntryPoint\",\"urlTemplate\":\"https:\/\/gisolutions.lu\/site\/?s={search_term_string}\"},\"query-input\":{\"@type\":\"PropertyValueSpecification\",\"valueRequired\":true,\"valueName\":\"search_term_string\"}}],\"inLanguage\":\"fr-FR\"},{\"@type\":\"Organization\",\"@id\":\"https:\/\/gisolutions.lu\/site\/#organization\",\"name\":\"GiSolutions\",\"url\":\"https:\/\/gisolutions.lu\/site\/\",\"logo\":{\"@type\":\"ImageObject\",\"inLanguage\":\"fr-FR\",\"@id\":\"https:\/\/gisolutions.lu\/site\/#\/schema\/logo\/image\/\",\"url\":\"https:\/\/gisolutions.lu\/site\/wp-content\/uploads\/2025\/07\/Logo-Gisolutions-gestion-cabinet-medicaux.png\",\"contentUrl\":\"https:\/\/gisolutions.lu\/site\/wp-content\/uploads\/2025\/07\/Logo-Gisolutions-gestion-cabinet-medicaux.png\",\"width\":1080,\"height\":555,\"caption\":\"GiSolutions\"},\"image\":{\"@id\":\"https:\/\/gisolutions.lu\/site\/#\/schema\/logo\/image\/\"}}]}<\/script>\n<!-- \/ Yoast SEO plugin. -->","yoast_head_json":{"title":"Mentions l\u00e9gales - GiSolutions","robots":{"index":"index","follow":"follow","max-snippet":"max-snippet:-1","max-image-preview":"max-image-preview:large","max-video-preview":"max-video-preview:-1"},"canonical":"https:\/\/gisolutions.lu\/site\/mentions-legales\/","og_locale":"fr_FR","og_type":"article","og_title":"Mentions l\u00e9gales - GiSolutions","og_description":"Editeur L\u2019\u00e9diteur du site internet est : Gi Solutions SARLDomicili\u00e9e au : 37 rue Romain Fandel L4149 Esch-sur-Alzette \u2013 LuxembourgImmatricul\u00e9e sous le num\u00e9ro\u00a0Vous pouvez contacter le responsable de l\u2019\u00e9dition du site internet par par mail \u00e0 l\u2019adresse (information \u00e0 venir) Directeur de la publication Le site internet www.gisolutions.lu est dirig\u00e9 et exploit\u00e9 l\u2019\u00e9diteur susmentionn\u00e9 H\u00e9bergeur [&hellip;]","og_url":"https:\/\/gisolutions.lu\/site\/mentions-legales\/","og_site_name":"GiSolutions","article_modified_time":"2025-07-16T09:38:39+00:00","twitter_card":"summary_large_image","twitter_misc":{"Dur\u00e9e de lecture estim\u00e9e":"4 minutes"},"schema":{"@context":"https:\/\/schema.org","@graph":[{"@type":"WebPage","@id":"https:\/\/gisolutions.lu\/site\/mentions-legales\/","url":"https:\/\/gisolutions.lu\/site\/mentions-legales\/","name":"Mentions l\u00e9gales - GiSolutions","isPartOf":{"@id":"https:\/\/gisolutions.lu\/site\/#website"},"datePublished":"2025-07-16T09:32:47+00:00","dateModified":"2025-07-16T09:38:39+00:00","breadcrumb":{"@id":"https:\/\/gisolutions.lu\/site\/mentions-legales\/#breadcrumb"},"inLanguage":"fr-FR","potentialAction":[{"@type":"ReadAction","target":["https:\/\/gisolutions.lu\/site\/mentions-legales\/"]}]},{"@type":"BreadcrumbList","@id":"https:\/\/gisolutions.lu\/site\/mentions-legales\/#breadcrumb","itemListElement":[{"@type":"ListItem","position":1,"name":"Accueil","item":"https:\/\/gisolutions.lu\/site\/"},{"@type":"ListItem","position":2,"name":"Mentions l\u00e9gales"}]},{"@type":"WebSite","@id":"https:\/\/gisolutions.lu\/site\/#website","url":"https:\/\/gisolutions.lu\/site\/","name":"GiSolutions","description":"Vos logiciels de gestion pour le secteur m\u00e9dical","publisher":{"@id":"https:\/\/gisolutions.lu\/site\/#organization"},"potentialAction":[{"@type":"SearchAction","target":{"@type":"EntryPoint","urlTemplate":"https:\/\/gisolutions.lu\/site\/?s={search_term_string}"},"query-input":{"@type":"PropertyValueSpecification","valueRequired":true,"valueName":"search_term_string"}}],"inLanguage":"fr-FR"},{"@type":"Organization","@id":"https:\/\/gisolutions.lu\/site\/#organization","name":"GiSolutions","url":"https:\/\/gisolutions.lu\/site\/","logo":{"@type":"ImageObject","inLanguage":"fr-FR","@id":"https:\/\/gisolutions.lu\/site\/#\/schema\/logo\/image\/","url":"https:\/\/gisolutions.lu\/site\/wp-content\/uploads\/2025\/07\/Logo-Gisolutions-gestion-cabinet-medicaux.png","contentUrl":"https:\/\/gisolutions.lu\/site\/wp-content\/uploads\/2025\/07\/Logo-Gisolutions-gestion-cabinet-medicaux.png","width":1080,"height":555,"caption":"GiSolutions"},"image":{"@id":"https:\/\/gisolutions.lu\/site\/#\/schema\/logo\/image\/"}}]}},"_links":{"self":[{"href":"https:\/\/gisolutions.lu\/site\/wp-json\/wp\/v2\/pages\/176","targetHints":{"allow":["GET"]}}],"collection":[{"href":"https:\/\/gisolutions.lu\/site\/wp-json\/wp\/v2\/pages"}],"about":[{"href":"https:\/\/gisolutions.lu\/site\/wp-json\/wp\/v2\/types\/page"}],"author":[{"embeddable":true,"href":"https:\/\/gisolutions.lu\/site\/wp-json\/wp\/v2\/users\/2"}],"replies":[{"embeddable":true,"href":"https:\/\/gisolutions.lu\/site\/wp-json\/wp\/v2\/comments?post=176"}],"version-history":[{"count":7,"href":"https:\/\/gisolutions.lu\/site\/wp-json\/wp\/v2\/pages\/176\/revisions"}],"predecessor-version":[{"id":184,"href":"https:\/\/gisolutions.lu\/site\/wp-json\/wp\/v2\/pages\/176\/revisions\/184"}],"wp:attachment":[{"href":"https:\/\/gisolutions.lu\/site\/wp-json\/wp\/v2\/media?parent=176"}],"curies":[{"name":"wp","href":"https:\/\/api.w.org\/{rel}","templated":true}]}}