{"id":238,"date":"2025-09-15T09:55:51","date_gmt":"2025-09-15T09:55:51","guid":{"rendered":"https:\/\/gisolutions.lu\/site\/?page_id=238"},"modified":"2025-09-19T16:45:08","modified_gmt":"2025-09-19T16:45:08","slug":"support-it","status":"publish","type":"page","link":"https:\/\/gisolutions.lu\/site\/support-it\/","title":{"rendered":"Support IT"},"content":{"rendered":"\t\t<div data-elementor-type=\"wp-page\" data-elementor-id=\"238\" class=\"elementor elementor-238\" data-elementor-post-type=\"page\">\n\t\t\t\t<div class=\"elementor-element elementor-element-18da21b e-flex e-con-boxed e-con e-parent\" data-id=\"18da21b\" data-element_type=\"container\" data-e-type=\"container\" data-settings=\"{&quot;background_background&quot;:&quot;classic&quot;}\">\n\t\t\t\t\t<div class=\"e-con-inner\">\n\t\t<div class=\"elementor-element elementor-element-8f4052c e-con-full e-flex e-con e-child\" data-id=\"8f4052c\" data-element_type=\"container\" data-e-type=\"container\">\n\t\t\t\t<div class=\"elementor-element elementor-element-736799c elementor-widget__width-initial elementor-widget elementor-widget-heading\" data-id=\"736799c\" data-element_type=\"widget\" data-e-type=\"widget\" data-widget_type=\"heading.default\">\n\t\t\t\t\t<h1 class=\"elementor-heading-title elementor-size-default\">Support IT<\/h1>\t\t\t\t<\/div>\n\t\t\t\t<div class=\"elementor-element elementor-element-86f3eef elementor-widget elementor-widget-text-editor\" data-id=\"86f3eef\" data-element_type=\"widget\" data-e-type=\"widget\" data-widget_type=\"text-editor.default\">\n\t\t\t\t\t\t\t\t\t<p>Nous vous aidons \u00e0 tirer le meilleur parti de vos outils num\u00e9riques. Gr\u00e2ce \u00e0 notre expertise et \u00e0 un accompagnement adapt\u00e9, vous b\u00e9n\u00e9ficiez d\u2019un service fiable et r\u00e9actif pour garder votre informatique simple, performante et s\u00e9curis\u00e9e.<\/p>\t\t\t\t\t\t\t\t<\/div>\n\t\t\t\t<\/div>\n\t\t<div class=\"elementor-element elementor-element-89d1fae e-con-full e-flex e-con e-child\" data-id=\"89d1fae\" data-element_type=\"container\" data-e-type=\"container\">\n\t\t\t\t<\/div>\n\t\t\t\t\t<\/div>\n\t\t\t\t<\/div>\n\t\t<div class=\"elementor-element elementor-element-b416450 e-flex e-con-boxed e-con e-parent\" data-id=\"b416450\" data-element_type=\"container\" data-e-type=\"container\">\n\t\t\t\t\t<div class=\"e-con-inner\">\n\t\t<div class=\"elementor-element elementor-element-1e37a0c e-con-full e-flex e-con e-child\" data-id=\"1e37a0c\" data-element_type=\"container\" data-e-type=\"container\">\n\t\t\t\t<div class=\"elementor-element elementor-element-f0415b3 elementor-widget-mobile__width-initial elementor-widget elementor-widget-heading\" data-id=\"f0415b3\" data-element_type=\"widget\" data-e-type=\"widget\" data-widget_type=\"heading.default\">\n\t\t\t\t\t<h3 class=\"elementor-heading-title elementor-size-default\">Support technique PC &amp; Mac<\/h3>\t\t\t\t<\/div>\n\t\t\t\t<div class=\"elementor-element elementor-element-fc0cc0f elementor-widget elementor-widget-text-editor\" data-id=\"fc0cc0f\" data-element_type=\"widget\" data-e-type=\"widget\" data-widget_type=\"text-editor.default\">\n\t\t\t\t\t\t\t\t\t<p>Profitez d\u2019une assistance compl\u00e8te pour vos ordinateurs, qu\u2019ils soient sous Windows ou macOS. Nous assurons le diagnostic, la r\u00e9paration, la configuration, l\u2019optimisation des performances et la protection de vos appareils pour vous garantir un usage simple et s\u00e9curis\u00e9 au quotidien<\/p>\t\t\t\t\t\t\t\t<\/div>\n\t\t\t\t<\/div>\n\t\t<div class=\"elementor-element elementor-element-e1d40c8 e-con-full e-flex e-con e-child\" data-id=\"e1d40c8\" data-element_type=\"container\" data-e-type=\"container\">\n\t\t\t\t<div class=\"elementor-element elementor-element-d9592dd elementor-widget-mobile__width-initial elementor-widget elementor-widget-heading\" data-id=\"d9592dd\" data-element_type=\"widget\" data-e-type=\"widget\" data-widget_type=\"heading.default\">\n\t\t\t\t\t<h3 class=\"elementor-heading-title elementor-size-default\">Support Microsoft<\/h3>\t\t\t\t<\/div>\n\t\t\t\t<div class=\"elementor-element elementor-element-02668ca elementor-widget elementor-widget-text-editor\" data-id=\"02668ca\" data-element_type=\"widget\" data-e-type=\"widget\" data-widget_type=\"text-editor.default\">\n\t\t\t\t\t\t\t\t\t<p>Besoin d\u2019aide avec Windows, Office 365, Outlook ou Teams ? Nous vous accompagnons pas \u00e0 pas pour l\u2019installation, la configuration et la r\u00e9solution de vos probl\u00e8mes. Notre expertise vous permet de tirer le meilleur parti des outils Microsoft.<\/p>\t\t\t\t\t\t\t\t<\/div>\n\t\t\t\t<div class=\"elementor-element elementor-element-5466f75 elementor-widget elementor-widget-image\" data-id=\"5466f75\" data-element_type=\"widget\" data-e-type=\"widget\" data-widget_type=\"image.default\">\n\t\t\t\t\t\t\t\t\t\t\t\t\t\t\t<img fetchpriority=\"high\" decoding=\"async\" width=\"369\" height=\"181\" src=\"https:\/\/gisolutions.lu\/site\/wp-content\/uploads\/2025\/09\/gi-solu-cloud.png\" class=\"attachment-large size-large wp-image-327\" alt=\"\" srcset=\"https:\/\/gisolutions.lu\/site\/wp-content\/uploads\/2025\/09\/gi-solu-cloud.png 369w, https:\/\/gisolutions.lu\/site\/wp-content\/uploads\/2025\/09\/gi-solu-cloud-300x147.png 300w\" sizes=\"(max-width: 369px) 100vw, 369px\" \/>\t\t\t\t\t\t\t\t\t\t\t\t\t\t\t<\/div>\n\t\t\t\t<\/div>\n\t\t<div class=\"elementor-element elementor-element-63ce184 e-con-full e-flex e-con e-child\" data-id=\"63ce184\" data-element_type=\"container\" data-e-type=\"container\">\n\t\t\t\t<div class=\"elementor-element elementor-element-cec834f elementor-widget-mobile__width-initial elementor-widget elementor-widget-heading\" data-id=\"cec834f\" data-element_type=\"widget\" data-e-type=\"widget\" data-widget_type=\"heading.default\">\n\t\t\t\t\t<h3 class=\"elementor-heading-title elementor-size-default\">R\u00e9solution de probl\u00e8mes r\u00e9seau<\/h3>\t\t\t\t<\/div>\n\t\t\t\t<div class=\"elementor-element elementor-element-8147ac5 elementor-widget elementor-widget-text-editor\" data-id=\"8147ac5\" data-element_type=\"widget\" data-e-type=\"widget\" data-widget_type=\"text-editor.default\">\n\t\t\t\t\t\t\t\t\t<p>Connexion lente, Wi-Fi instable ou souci de configuration r\u00e9seau ? Nous intervenons pour analyser, r\u00e9parer et optimiser vos \u00e9quipements. Nous vous aidons \u00e0 retrouver une connexion fluide, s\u00e9curis\u00e9e et adapt\u00e9e \u00e0 vos besoins, que ce soit \u00e0 la maison ou en entreprise.<\/p>\t\t\t\t\t\t\t\t<\/div>\n\t\t\t\t<\/div>\n\t\t\t\t\t<\/div>\n\t\t\t\t<\/div>\n\t\t<div class=\"elementor-element elementor-element-8d1fedc e-flex e-con-boxed e-con e-parent\" data-id=\"8d1fedc\" data-element_type=\"container\" data-e-type=\"container\" data-settings=\"{&quot;background_background&quot;:&quot;classic&quot;}\">\n\t\t\t\t\t<div class=\"e-con-inner\">\n\t\t<div class=\"elementor-element elementor-element-2d38bc1 e-con-full e-flex e-con e-child\" data-id=\"2d38bc1\" data-element_type=\"container\" data-e-type=\"container\">\n\t\t\t\t<div class=\"elementor-element elementor-element-692ccd9 elementor-widget elementor-widget-image\" data-id=\"692ccd9\" data-element_type=\"widget\" data-e-type=\"widget\" data-widget_type=\"image.default\">\n\t\t\t\t\t\t\t\t\t\t\t\t\t\t\t<img decoding=\"async\" width=\"800\" height=\"547\" src=\"https:\/\/gisolutions.lu\/site\/wp-content\/uploads\/2025\/09\/Gi-solutions-gestion-informatique-Luxembourg-medical-et-pme.png\" class=\"attachment-large size-large wp-image-275\" alt=\"\" srcset=\"https:\/\/gisolutions.lu\/site\/wp-content\/uploads\/2025\/09\/Gi-solutions-gestion-informatique-Luxembourg-medical-et-pme.png 837w, https:\/\/gisolutions.lu\/site\/wp-content\/uploads\/2025\/09\/Gi-solutions-gestion-informatique-Luxembourg-medical-et-pme-300x205.png 300w, https:\/\/gisolutions.lu\/site\/wp-content\/uploads\/2025\/09\/Gi-solutions-gestion-informatique-Luxembourg-medical-et-pme-768x525.png 768w\" sizes=\"(max-width: 800px) 100vw, 800px\" \/>\t\t\t\t\t\t\t\t\t\t\t\t\t\t\t<\/div>\n\t\t\t\t<\/div>\n\t\t<div class=\"elementor-element elementor-element-ca68851 e-con-full e-flex e-con e-child\" data-id=\"ca68851\" data-element_type=\"container\" data-e-type=\"container\">\n\t\t\t\t<div class=\"elementor-element elementor-element-d8f114f elementor-widget elementor-widget-heading\" data-id=\"d8f114f\" data-element_type=\"widget\" data-e-type=\"widget\" data-widget_type=\"heading.default\">\n\t\t\t\t\t<h3 class=\"elementor-heading-title elementor-size-default\">\nPourquoi nous choisir ?<\/h3>\t\t\t\t<\/div>\n\t\t\t\t<div class=\"elementor-element elementor-element-8dc3853 elementor-widget elementor-widget-text-editor\" data-id=\"8dc3853\" data-element_type=\"widget\" data-e-type=\"widget\" data-widget_type=\"text-editor.default\">\n\t\t\t\t\t\t\t\t\t<ul><li>Une \u00e9quipe form\u00e9e, certifi\u00e9e et forte de plus de 30 ans d\u2019exp\u00e9rience.<\/li><li>Un support disponible \u00e0 distance (remote) ou en pr\u00e9sentiel selon vos besoins.<\/li><li>Un service r\u00e9actif, fiable et personnalis\u00e9, pour particuliers comme pour professionnels.<\/li><\/ul><p>\u00a0<\/p><p>Avec nous, l\u2019informatique redevient un atout, jamais un obstacle.<\/p>\t\t\t\t\t\t\t\t<\/div>\n\t\t\t\t<\/div>\n\t\t\t\t\t<\/div>\n\t\t\t\t<\/div>\n\t\t\t\t<section class=\"elementor-section elementor-top-section elementor-element elementor-element-86b881d elementor-section-boxed elementor-section-height-default elementor-section-height-default\" data-id=\"86b881d\" data-element_type=\"section\" data-e-type=\"section\">\n\t\t\t\t\t\t<div class=\"elementor-container elementor-column-gap-default\">\n\t\t\t\t\t<div class=\"elementor-column elementor-col-100 elementor-top-column elementor-element elementor-element-4a60083\" data-id=\"4a60083\" data-element_type=\"column\" data-e-type=\"column\">\n\t\t\t<div class=\"elementor-widget-wrap elementor-element-populated\">\n\t\t\t\t\t\t<div class=\"elementor-element elementor-element-55ed733 elementor-widget elementor-widget-heading\" data-id=\"55ed733\" data-element_type=\"widget\" data-e-type=\"widget\" data-widget_type=\"heading.default\">\n\t\t\t\t\t<h2 class=\"elementor-heading-title elementor-size-default\">Vous souhaitez en savoir plus ? <\/h2>\t\t\t\t<\/div>\n\t\t\t\t<div class=\"elementor-element elementor-element-18972c0 elementor-widget elementor-widget-text-editor\" data-id=\"18972c0\" data-element_type=\"widget\" data-e-type=\"widget\" data-widget_type=\"text-editor.default\">\n\t\t\t\t\t\t\t\t\t<p><strong>Demandez des informations maintenant <\/strong>et d\u00e9couvrez comment nos solutions peuvent v\u00e9ritablement faire la diff\u00e9rence.<\/p>\t\t\t\t\t\t\t\t<\/div>\n\t\t\t\t<div class=\"elementor-element elementor-element-98aff9a elementor-align-center elementor-widget elementor-widget-button\" data-id=\"98aff9a\" data-element_type=\"widget\" data-e-type=\"widget\" data-widget_type=\"button.default\">\n\t\t\t\t\t\t\t\t\t\t<a class=\"elementor-button elementor-button-link elementor-size-sm\" href=\"\/contact\">\n\t\t\t\t\t\t<span class=\"elementor-button-content-wrapper\">\n\t\t\t\t\t\t\t\t\t<span class=\"elementor-button-text\">Demander plus d'informations<\/span>\n\t\t\t\t\t<\/span>\n\t\t\t\t\t<\/a>\n\t\t\t\t\t\t\t\t<\/div>\n\t\t\t\t\t<\/div>\n\t\t<\/div>\n\t\t\t\t\t<\/div>\n\t\t<\/section>\n\t\t\t\t<\/div>\n\t\t","protected":false},"excerpt":{"rendered":"<p>Nous vous aidons \u00e0 tirer le meilleur parti de vos outils num\u00e9riques. Gr\u00e2ce \u00e0 notre expertise et \u00e0 un accompagnement adapt\u00e9, vous b\u00e9n\u00e9ficiez d\u2019un service fiable et r\u00e9actif pour garder votre informatique simple, performante et s\u00e9curis\u00e9e. Support technique PC &amp; Mac Profitez d\u2019une assistance compl\u00e8te pour vos ordinateurs, qu\u2019ils soient sous Windows ou macOS. Nous [&hellip;]<\/p>\n","protected":false},"author":2,"featured_media":0,"parent":0,"menu_order":0,"comment_status":"closed","ping_status":"closed","template":"elementor_header_footer","meta":{"footnotes":""},"class_list":["post-238","page","type-page","status-publish","hentry"],"yoast_head":"<!-- This site is optimized with the Yoast SEO plugin v27.2 - https:\/\/yoast.com\/product\/yoast-seo-wordpress\/ -->\n<title>Support IT | Logiciel GiSolutions | Logiciel gestion des maisons de retraite<\/title>\n<meta name=\"description\" content=\"GI Ad Senior accompagne les maisons de retraite et \u00e9tablissements accueillant des personnes \u00e2g\u00e9es dans la gestion de leur activit\u00e9 quotidienne.\" \/>\n<meta name=\"robots\" content=\"index, follow, max-snippet:-1, max-image-preview:large, max-video-preview:-1\" \/>\n<link rel=\"canonical\" href=\"https:\/\/gisolutions.lu\/site\/support-it\/\" \/>\n<meta property=\"og:locale\" content=\"fr_FR\" \/>\n<meta property=\"og:type\" content=\"article\" \/>\n<meta property=\"og:title\" content=\"Support IT | Logiciel GiSolutions | Logiciel gestion des maisons de retraite\" \/>\n<meta property=\"og:description\" content=\"GI Ad Senior accompagne les maisons de retraite et \u00e9tablissements accueillant des personnes \u00e2g\u00e9es dans la gestion de leur activit\u00e9 quotidienne.\" \/>\n<meta property=\"og:url\" content=\"https:\/\/gisolutions.lu\/site\/support-it\/\" \/>\n<meta property=\"og:site_name\" content=\"GiSolutions\" \/>\n<meta property=\"article:modified_time\" content=\"2025-09-19T16:45:08+00:00\" \/>\n<meta property=\"og:image\" content=\"https:\/\/gisolutions.lu\/site\/site\/wp-content\/uploads\/2025\/09\/gi-solu-cloud.png\" \/>\n<meta name=\"twitter:card\" content=\"summary_large_image\" \/>\n<meta name=\"twitter:label1\" content=\"Dur\u00e9e de lecture estim\u00e9e\" \/>\n\t<meta name=\"twitter:data1\" content=\"2 minutes\" \/>\n<script type=\"application\/ld+json\" class=\"yoast-schema-graph\">{\"@context\":\"https:\/\/schema.org\",\"@graph\":[{\"@type\":\"WebPage\",\"@id\":\"https:\/\/gisolutions.lu\/site\/support-it\/\",\"url\":\"https:\/\/gisolutions.lu\/site\/support-it\/\",\"name\":\"Support IT | Logiciel GiSolutions | Logiciel gestion des maisons de retraite\",\"isPartOf\":{\"@id\":\"https:\/\/gisolutions.lu\/site\/#website\"},\"primaryImageOfPage\":{\"@id\":\"https:\/\/gisolutions.lu\/site\/support-it\/#primaryimage\"},\"image\":{\"@id\":\"https:\/\/gisolutions.lu\/site\/support-it\/#primaryimage\"},\"thumbnailUrl\":\"https:\/\/gisolutions.lu\/site\/site\/wp-content\/uploads\/2025\/09\/gi-solu-cloud.png\",\"datePublished\":\"2025-09-15T09:55:51+00:00\",\"dateModified\":\"2025-09-19T16:45:08+00:00\",\"description\":\"GI Ad Senior accompagne les maisons de retraite et \u00e9tablissements accueillant des personnes \u00e2g\u00e9es dans la gestion de leur activit\u00e9 quotidienne.\",\"breadcrumb\":{\"@id\":\"https:\/\/gisolutions.lu\/site\/support-it\/#breadcrumb\"},\"inLanguage\":\"fr-FR\",\"potentialAction\":[{\"@type\":\"ReadAction\",\"target\":[\"https:\/\/gisolutions.lu\/site\/support-it\/\"]}]},{\"@type\":\"ImageObject\",\"inLanguage\":\"fr-FR\",\"@id\":\"https:\/\/gisolutions.lu\/site\/support-it\/#primaryimage\",\"url\":\"https:\/\/gisolutions.lu\/site\/wp-content\/uploads\/2025\/09\/gi-solu-cloud.png\",\"contentUrl\":\"https:\/\/gisolutions.lu\/site\/wp-content\/uploads\/2025\/09\/gi-solu-cloud.png\",\"width\":369,\"height\":181},{\"@type\":\"BreadcrumbList\",\"@id\":\"https:\/\/gisolutions.lu\/site\/support-it\/#breadcrumb\",\"itemListElement\":[{\"@type\":\"ListItem\",\"position\":1,\"name\":\"Accueil\",\"item\":\"https:\/\/gisolutions.lu\/site\/\"},{\"@type\":\"ListItem\",\"position\":2,\"name\":\"Support IT\"}]},{\"@type\":\"WebSite\",\"@id\":\"https:\/\/gisolutions.lu\/site\/#website\",\"url\":\"https:\/\/gisolutions.lu\/site\/\",\"name\":\"GiSolutions\",\"description\":\"Vos logiciels de gestion pour le secteur m\u00e9dical\",\"publisher\":{\"@id\":\"https:\/\/gisolutions.lu\/site\/#organization\"},\"potentialAction\":[{\"@type\":\"SearchAction\",\"target\":{\"@type\":\"EntryPoint\",\"urlTemplate\":\"https:\/\/gisolutions.lu\/site\/?s={search_term_string}\"},\"query-input\":{\"@type\":\"PropertyValueSpecification\",\"valueRequired\":true,\"valueName\":\"search_term_string\"}}],\"inLanguage\":\"fr-FR\"},{\"@type\":\"Organization\",\"@id\":\"https:\/\/gisolutions.lu\/site\/#organization\",\"name\":\"GiSolutions\",\"url\":\"https:\/\/gisolutions.lu\/site\/\",\"logo\":{\"@type\":\"ImageObject\",\"inLanguage\":\"fr-FR\",\"@id\":\"https:\/\/gisolutions.lu\/site\/#\/schema\/logo\/image\/\",\"url\":\"https:\/\/gisolutions.lu\/site\/wp-content\/uploads\/2025\/07\/Logo-Gisolutions-gestion-cabinet-medicaux.png\",\"contentUrl\":\"https:\/\/gisolutions.lu\/site\/wp-content\/uploads\/2025\/07\/Logo-Gisolutions-gestion-cabinet-medicaux.png\",\"width\":1080,\"height\":555,\"caption\":\"GiSolutions\"},\"image\":{\"@id\":\"https:\/\/gisolutions.lu\/site\/#\/schema\/logo\/image\/\"}}]}<\/script>\n<!-- \/ Yoast SEO plugin. -->","yoast_head_json":{"title":"Support IT | Logiciel GiSolutions | Logiciel gestion des maisons de retraite","description":"GI Ad Senior accompagne les maisons de retraite et \u00e9tablissements accueillant des personnes \u00e2g\u00e9es dans la gestion de leur activit\u00e9 quotidienne.","robots":{"index":"index","follow":"follow","max-snippet":"max-snippet:-1","max-image-preview":"max-image-preview:large","max-video-preview":"max-video-preview:-1"},"canonical":"https:\/\/gisolutions.lu\/site\/support-it\/","og_locale":"fr_FR","og_type":"article","og_title":"Support IT | Logiciel GiSolutions | Logiciel gestion des maisons de retraite","og_description":"GI Ad Senior accompagne les maisons de retraite et \u00e9tablissements accueillant des personnes \u00e2g\u00e9es dans la gestion de leur activit\u00e9 quotidienne.","og_url":"https:\/\/gisolutions.lu\/site\/support-it\/","og_site_name":"GiSolutions","article_modified_time":"2025-09-19T16:45:08+00:00","og_image":[{"url":"https:\/\/gisolutions.lu\/site\/site\/wp-content\/uploads\/2025\/09\/gi-solu-cloud.png","type":"","width":"","height":""}],"twitter_card":"summary_large_image","twitter_misc":{"Dur\u00e9e de lecture estim\u00e9e":"2 minutes"},"schema":{"@context":"https:\/\/schema.org","@graph":[{"@type":"WebPage","@id":"https:\/\/gisolutions.lu\/site\/support-it\/","url":"https:\/\/gisolutions.lu\/site\/support-it\/","name":"Support IT | Logiciel GiSolutions | Logiciel gestion des maisons de retraite","isPartOf":{"@id":"https:\/\/gisolutions.lu\/site\/#website"},"primaryImageOfPage":{"@id":"https:\/\/gisolutions.lu\/site\/support-it\/#primaryimage"},"image":{"@id":"https:\/\/gisolutions.lu\/site\/support-it\/#primaryimage"},"thumbnailUrl":"https:\/\/gisolutions.lu\/site\/site\/wp-content\/uploads\/2025\/09\/gi-solu-cloud.png","datePublished":"2025-09-15T09:55:51+00:00","dateModified":"2025-09-19T16:45:08+00:00","description":"GI Ad Senior accompagne les maisons de retraite et \u00e9tablissements accueillant des personnes \u00e2g\u00e9es dans la gestion de leur activit\u00e9 quotidienne.","breadcrumb":{"@id":"https:\/\/gisolutions.lu\/site\/support-it\/#breadcrumb"},"inLanguage":"fr-FR","potentialAction":[{"@type":"ReadAction","target":["https:\/\/gisolutions.lu\/site\/support-it\/"]}]},{"@type":"ImageObject","inLanguage":"fr-FR","@id":"https:\/\/gisolutions.lu\/site\/support-it\/#primaryimage","url":"https:\/\/gisolutions.lu\/site\/wp-content\/uploads\/2025\/09\/gi-solu-cloud.png","contentUrl":"https:\/\/gisolutions.lu\/site\/wp-content\/uploads\/2025\/09\/gi-solu-cloud.png","width":369,"height":181},{"@type":"BreadcrumbList","@id":"https:\/\/gisolutions.lu\/site\/support-it\/#breadcrumb","itemListElement":[{"@type":"ListItem","position":1,"name":"Accueil","item":"https:\/\/gisolutions.lu\/site\/"},{"@type":"ListItem","position":2,"name":"Support IT"}]},{"@type":"WebSite","@id":"https:\/\/gisolutions.lu\/site\/#website","url":"https:\/\/gisolutions.lu\/site\/","name":"GiSolutions","description":"Vos logiciels de gestion pour le secteur m\u00e9dical","publisher":{"@id":"https:\/\/gisolutions.lu\/site\/#organization"},"potentialAction":[{"@type":"SearchAction","target":{"@type":"EntryPoint","urlTemplate":"https:\/\/gisolutions.lu\/site\/?s={search_term_string}"},"query-input":{"@type":"PropertyValueSpecification","valueRequired":true,"valueName":"search_term_string"}}],"inLanguage":"fr-FR"},{"@type":"Organization","@id":"https:\/\/gisolutions.lu\/site\/#organization","name":"GiSolutions","url":"https:\/\/gisolutions.lu\/site\/","logo":{"@type":"ImageObject","inLanguage":"fr-FR","@id":"https:\/\/gisolutions.lu\/site\/#\/schema\/logo\/image\/","url":"https:\/\/gisolutions.lu\/site\/wp-content\/uploads\/2025\/07\/Logo-Gisolutions-gestion-cabinet-medicaux.png","contentUrl":"https:\/\/gisolutions.lu\/site\/wp-content\/uploads\/2025\/07\/Logo-Gisolutions-gestion-cabinet-medicaux.png","width":1080,"height":555,"caption":"GiSolutions"},"image":{"@id":"https:\/\/gisolutions.lu\/site\/#\/schema\/logo\/image\/"}}]}},"_links":{"self":[{"href":"https:\/\/gisolutions.lu\/site\/wp-json\/wp\/v2\/pages\/238","targetHints":{"allow":["GET"]}}],"collection":[{"href":"https:\/\/gisolutions.lu\/site\/wp-json\/wp\/v2\/pages"}],"about":[{"href":"https:\/\/gisolutions.lu\/site\/wp-json\/wp\/v2\/types\/page"}],"author":[{"embeddable":true,"href":"https:\/\/gisolutions.lu\/site\/wp-json\/wp\/v2\/users\/2"}],"replies":[{"embeddable":true,"href":"https:\/\/gisolutions.lu\/site\/wp-json\/wp\/v2\/comments?post=238"}],"version-history":[{"count":16,"href":"https:\/\/gisolutions.lu\/site\/wp-json\/wp\/v2\/pages\/238\/revisions"}],"predecessor-version":[{"id":333,"href":"https:\/\/gisolutions.lu\/site\/wp-json\/wp\/v2\/pages\/238\/revisions\/333"}],"wp:attachment":[{"href":"https:\/\/gisolutions.lu\/site\/wp-json\/wp\/v2\/media?parent=238"}],"curies":[{"name":"wp","href":"https:\/\/api.w.org\/{rel}","templated":true}]}}