{"id":250,"date":"2025-09-15T09:59:54","date_gmt":"2025-09-15T09:59:54","guid":{"rendered":"https:\/\/gisolutions.lu\/site\/?page_id=250"},"modified":"2025-09-19T17:08:24","modified_gmt":"2025-09-19T17:08:24","slug":"consulting","status":"publish","type":"page","link":"https:\/\/gisolutions.lu\/site\/consulting\/","title":{"rendered":"Consulting"},"content":{"rendered":"\t\t<div data-elementor-type=\"wp-page\" data-elementor-id=\"250\" class=\"elementor elementor-250\" data-elementor-post-type=\"page\">\n\t\t\t\t\t\t<section class=\"elementor-section elementor-top-section elementor-element elementor-element-e167e6c elementor-section-height-min-height elementor-section-content-bottom elementor-section-items-bottom elementor-section-boxed elementor-section-height-default\" data-id=\"e167e6c\" data-element_type=\"section\" data-e-type=\"section\" data-settings=\"{&quot;background_background&quot;:&quot;classic&quot;}\">\n\t\t\t\t\t\t<div class=\"elementor-container elementor-column-gap-default\">\n\t\t\t\t\t<div class=\"elementor-column elementor-col-50 elementor-top-column elementor-element elementor-element-f3c6899\" data-id=\"f3c6899\" data-element_type=\"column\" data-e-type=\"column\">\n\t\t\t<div class=\"elementor-widget-wrap elementor-element-populated\">\n\t\t\t\t\t\t<div class=\"elementor-element elementor-element-5e22529 elementor-widget elementor-widget-heading\" data-id=\"5e22529\" data-element_type=\"widget\" data-e-type=\"widget\" data-widget_type=\"heading.default\">\n\t\t\t\t\t<h1 class=\"elementor-heading-title elementor-size-default\">Consulting<\/h1>\t\t\t\t<\/div>\n\t\t\t\t<div class=\"elementor-element elementor-element-f2e034b elementor-widget elementor-widget-text-editor\" data-id=\"f2e034b\" data-element_type=\"widget\" data-e-type=\"widget\" data-widget_type=\"text-editor.default\">\n\t\t\t\t\t\t\t\t\t<p>Votre partenaire informatique au quotidien ! Nous aidons les petites et moyennes entreprises \u00e0 simplifier, s\u00e9curiser et d\u00e9velopper leur informatique. Avec nous, pas de jargon inutile : nous parlons le m\u00eame langage que vous et nous cherchons des solutions concr\u00e8tes.<\/p>\t\t\t\t\t\t\t\t<\/div>\n\t\t\t\t\t<\/div>\n\t\t<\/div>\n\t\t\t\t<div class=\"elementor-column elementor-col-50 elementor-top-column elementor-element elementor-element-70b565b\" data-id=\"70b565b\" data-element_type=\"column\" data-e-type=\"column\">\n\t\t\t<div class=\"elementor-widget-wrap\">\n\t\t\t\t\t\t\t<\/div>\n\t\t<\/div>\n\t\t\t\t\t<\/div>\n\t\t<\/section>\n\t\t\t\t<section class=\"elementor-section elementor-top-section elementor-element elementor-element-57a2a5a elementor-section-boxed elementor-section-height-default elementor-section-height-default\" data-id=\"57a2a5a\" data-element_type=\"section\" data-e-type=\"section\">\n\t\t\t\t\t\t<div class=\"elementor-container elementor-column-gap-default\">\n\t\t\t\t\t<div class=\"elementor-column elementor-col-50 elementor-top-column elementor-element elementor-element-45e0422\" data-id=\"45e0422\" data-element_type=\"column\" data-e-type=\"column\">\n\t\t\t<div class=\"elementor-widget-wrap elementor-element-populated\">\n\t\t\t\t\t\t<div class=\"elementor-element elementor-element-e100bde elementor-widget elementor-widget-heading\" data-id=\"e100bde\" data-element_type=\"widget\" data-e-type=\"widget\" data-widget_type=\"heading.default\">\n\t\t\t\t\t<h2 class=\"elementor-heading-title elementor-size-default\">Nos Services<\/h2>\t\t\t\t<\/div>\n\t\t\t\t<div class=\"elementor-element elementor-element-8103ae4 elementor-widget elementor-widget-text-editor\" data-id=\"8103ae4\" data-element_type=\"widget\" data-e-type=\"widget\" data-widget_type=\"text-editor.default\">\n\t\t\t\t\t\t\t\t\t<p><strong>Audit &amp; Conseils personnalis\u00e9s<\/strong><br \/>Nous faisons le point sur vos syst\u00e8mes et vos outils afin de vous proposer des am\u00e9liorations simples et efficaces, adapt\u00e9es \u00e0 votre budget.<\/p><p><strong>S\u00e9curit\u00e9 informatique<\/strong><br \/>Vos donn\u00e9es sont pr\u00e9cieuses. Nous mettons en place des solutions de protection fiables pour vous permettre de travailler en toute tranquillit\u00e9.<\/p><p><strong>Accompagnement digital<\/strong><br \/>Migration vers le cloud, mise en place d\u2019outils collaboratifs, automatisation de certaines t\u00e2ches\u2026 Nous vous guidons pas \u00e0 pas dans votre transformation num\u00e9rique.<\/p><p><strong>Support &amp; Assistance<\/strong><br \/>Une panne ? Un souci technique ? Nous restons disponibles pour intervenir rapidement et vous \u00e9viter les interruptions d\u2019activit\u00e9.<\/p>\t\t\t\t\t\t\t\t<\/div>\n\t\t\t\t\t<\/div>\n\t\t<\/div>\n\t\t\t\t<div class=\"elementor-column elementor-col-50 elementor-top-column elementor-element elementor-element-9c4925f\" data-id=\"9c4925f\" data-element_type=\"column\" data-e-type=\"column\">\n\t\t\t<div class=\"elementor-widget-wrap elementor-element-populated\">\n\t\t\t\t\t\t<div class=\"elementor-element elementor-element-3816c99 elementor-widget elementor-widget-image\" data-id=\"3816c99\" data-element_type=\"widget\" data-e-type=\"widget\" data-widget_type=\"image.default\">\n\t\t\t\t\t\t\t\t\t\t\t\t\t\t\t<img fetchpriority=\"high\" decoding=\"async\" width=\"563\" height=\"845\" src=\"https:\/\/gisolutions.lu\/site\/wp-content\/uploads\/2025\/09\/Gisolutions-conculting-informatique-luxembourg-1.jpg\" class=\"attachment-large size-large wp-image-260\" alt=\"\" srcset=\"https:\/\/gisolutions.lu\/site\/wp-content\/uploads\/2025\/09\/Gisolutions-conculting-informatique-luxembourg-1.jpg 563w, https:\/\/gisolutions.lu\/site\/wp-content\/uploads\/2025\/09\/Gisolutions-conculting-informatique-luxembourg-1-200x300.jpg 200w\" sizes=\"(max-width: 563px) 100vw, 563px\" \/>\t\t\t\t\t\t\t\t\t\t\t\t\t\t\t<\/div>\n\t\t\t\t\t<\/div>\n\t\t<\/div>\n\t\t\t\t\t<\/div>\n\t\t<\/section>\n\t\t\t\t<section class=\"elementor-section elementor-top-section elementor-element elementor-element-6ef95ec elementor-section-boxed elementor-section-height-default elementor-section-height-default\" data-id=\"6ef95ec\" data-element_type=\"section\" data-e-type=\"section\">\n\t\t\t\t\t\t<div class=\"elementor-container elementor-column-gap-default\">\n\t\t\t\t\t<div class=\"elementor-column elementor-col-33 elementor-top-column elementor-element elementor-element-5ab3301\" data-id=\"5ab3301\" data-element_type=\"column\" data-e-type=\"column\" data-settings=\"{&quot;background_background&quot;:&quot;classic&quot;}\">\n\t\t\t<div class=\"elementor-widget-wrap elementor-element-populated\">\n\t\t\t\t\t\t<div class=\"elementor-element elementor-element-bd124f1 elementor-widget elementor-widget-heading\" data-id=\"bd124f1\" data-element_type=\"widget\" data-e-type=\"widget\" data-widget_type=\"heading.default\">\n\t\t\t\t\t<h3 class=\"elementor-heading-title elementor-size-default\">Pourquoi travailler avec nous ?<\/h3>\t\t\t\t<\/div>\n\t\t\t\t<div class=\"elementor-element elementor-element-f8ee003 elementor-widget elementor-widget-text-editor\" data-id=\"f8ee003\" data-element_type=\"widget\" data-e-type=\"widget\" data-widget_type=\"text-editor.default\">\n\t\t\t\t\t\t\t\t\t<ul><li>Un accompagnement de proximit\u00e9, adapt\u00e9 aux r\u00e9alit\u00e9s des PME.<\/li><li>Des solutions claires, sans frais cach\u00e9s ni complications inutiles.<\/li><li>Une \u00e9quipe disponible, r\u00e9active et \u00e0 l\u2019\u00e9coute.<\/li><li>L\u2019assurance de travailler avec un partenaire de confiance.<\/li><\/ul>\t\t\t\t\t\t\t\t<\/div>\n\t\t\t\t\t<\/div>\n\t\t<\/div>\n\t\t\t\t<div class=\"elementor-column elementor-col-33 elementor-top-column elementor-element elementor-element-086c411\" data-id=\"086c411\" data-element_type=\"column\" data-e-type=\"column\">\n\t\t\t<div class=\"elementor-widget-wrap elementor-element-populated\">\n\t\t\t\t\t\t<div class=\"elementor-element elementor-element-d4e207e elementor-widget__width-initial elementor-widget elementor-widget-image\" data-id=\"d4e207e\" data-element_type=\"widget\" data-e-type=\"widget\" data-widget_type=\"image.default\">\n\t\t\t\t\t\t\t\t\t\t\t\t\t\t\t<img decoding=\"async\" width=\"568\" height=\"556\" src=\"https:\/\/gisolutions.lu\/site\/wp-content\/uploads\/2025\/09\/Gisolutions-consulting-informatique-luxembourg-icon.png\" class=\"attachment-large size-large wp-image-263\" alt=\"\" srcset=\"https:\/\/gisolutions.lu\/site\/wp-content\/uploads\/2025\/09\/Gisolutions-consulting-informatique-luxembourg-icon.png 568w, https:\/\/gisolutions.lu\/site\/wp-content\/uploads\/2025\/09\/Gisolutions-consulting-informatique-luxembourg-icon-300x294.png 300w\" sizes=\"(max-width: 568px) 100vw, 568px\" \/>\t\t\t\t\t\t\t\t\t\t\t\t\t\t\t<\/div>\n\t\t\t\t\t<\/div>\n\t\t<\/div>\n\t\t\t\t<div class=\"elementor-column elementor-col-33 elementor-top-column elementor-element elementor-element-ecd1961\" data-id=\"ecd1961\" data-element_type=\"column\" data-e-type=\"column\" data-settings=\"{&quot;background_background&quot;:&quot;classic&quot;}\">\n\t\t\t<div class=\"elementor-widget-wrap elementor-element-populated\">\n\t\t\t\t\t\t<div class=\"elementor-element elementor-element-fef2dc2 elementor-widget elementor-widget-heading\" data-id=\"fef2dc2\" data-element_type=\"widget\" data-e-type=\"widget\" data-widget_type=\"heading.default\">\n\t\t\t\t\t<h3 class=\"elementor-heading-title elementor-size-default\">A propos<\/h3>\t\t\t\t<\/div>\n\t\t\t\t<div class=\"elementor-element elementor-element-2d3164f elementor-widget elementor-widget-text-editor\" data-id=\"2d3164f\" data-element_type=\"widget\" data-e-type=\"widget\" data-widget_type=\"text-editor.default\">\n\t\t\t\t\t\t\t\t\t<p>Depuis plus de 30 ans, nous accompagnons des PME, ind\u00e9pendants et associations dans la gestion de leur informatique.<br \/>Notre objectif : vous simplifier la vie, s\u00e9curiser vos outils et vous aider \u00e0 rester comp\u00e9titif gr\u00e2ce aux bonnes solutions num\u00e9riques.<\/p>\t\t\t\t\t\t\t\t<\/div>\n\t\t\t\t\t<\/div>\n\t\t<\/div>\n\t\t\t\t\t<\/div>\n\t\t<\/section>\n\t\t\t\t<section class=\"elementor-section elementor-top-section elementor-element elementor-element-7182fc1 elementor-section-boxed elementor-section-height-default elementor-section-height-default\" data-id=\"7182fc1\" data-element_type=\"section\" data-e-type=\"section\">\n\t\t\t\t\t\t<div class=\"elementor-container elementor-column-gap-default\">\n\t\t\t\t\t<div class=\"elementor-column elementor-col-100 elementor-top-column elementor-element elementor-element-2fbfdf2\" data-id=\"2fbfdf2\" data-element_type=\"column\" data-e-type=\"column\">\n\t\t\t<div class=\"elementor-widget-wrap elementor-element-populated\">\n\t\t\t\t\t\t<div class=\"elementor-element elementor-element-05407ab elementor-widget elementor-widget-heading\" data-id=\"05407ab\" data-element_type=\"widget\" data-e-type=\"widget\" data-widget_type=\"heading.default\">\n\t\t\t\t\t<h2 class=\"elementor-heading-title elementor-size-default\">Vous souhaitez en savoir plus ? <\/h2>\t\t\t\t<\/div>\n\t\t\t\t<div class=\"elementor-element elementor-element-8bd7b54 elementor-widget elementor-widget-text-editor\" data-id=\"8bd7b54\" data-element_type=\"widget\" data-e-type=\"widget\" data-widget_type=\"text-editor.default\">\n\t\t\t\t\t\t\t\t\t<p><strong>Demandez des informations maintenant <\/strong>et d\u00e9couvrez comment nos solutions peuvent v\u00e9ritablement faire la diff\u00e9rence.<\/p>\t\t\t\t\t\t\t\t<\/div>\n\t\t\t\t<div class=\"elementor-element elementor-element-bf5c2a6 elementor-align-center elementor-widget elementor-widget-button\" data-id=\"bf5c2a6\" data-element_type=\"widget\" data-e-type=\"widget\" data-widget_type=\"button.default\">\n\t\t\t\t\t\t\t\t\t\t<a class=\"elementor-button elementor-button-link elementor-size-sm\" href=\"\/contact\">\n\t\t\t\t\t\t<span class=\"elementor-button-content-wrapper\">\n\t\t\t\t\t\t\t\t\t<span class=\"elementor-button-text\">Demander plus d'informations<\/span>\n\t\t\t\t\t<\/span>\n\t\t\t\t\t<\/a>\n\t\t\t\t\t\t\t\t<\/div>\n\t\t\t\t\t<\/div>\n\t\t<\/div>\n\t\t\t\t\t<\/div>\n\t\t<\/section>\n\t\t\t\t<\/div>\n\t\t","protected":false},"excerpt":{"rendered":"<p>Votre partenaire informatique au quotidien ! Nous aidons les petites et moyennes entreprises \u00e0 simplifier, s\u00e9curiser et d\u00e9velopper leur informatique. Avec nous, pas de jargon inutile : nous parlons le m\u00eame langage que vous et nous cherchons des solutions concr\u00e8tes. Nos Services Audit &amp; Conseils personnalis\u00e9sNous faisons le point sur vos syst\u00e8mes et vos outils [&hellip;]<\/p>\n","protected":false},"author":2,"featured_media":0,"parent":0,"menu_order":0,"comment_status":"closed","ping_status":"closed","template":"elementor_header_footer","meta":{"footnotes":""},"class_list":["post-250","page","type-page","status-publish","hentry"],"yoast_head":"<!-- This site is optimized with the Yoast SEO plugin v27.2 - https:\/\/yoast.com\/product\/yoast-seo-wordpress\/ -->\n<title>Consulting | GiSolutions | Consulting pour cabinet m\u00e9dicaux et PME<\/title>\n<meta name=\"description\" content=\"Nous aidons les petites et moyennes entreprises \u00e0 simplifier, s\u00e9curiser et d\u00e9velopper leur informatique et trouver des solutions concr\u00e8tes.\" \/>\n<meta name=\"robots\" content=\"index, follow, max-snippet:-1, max-image-preview:large, max-video-preview:-1\" \/>\n<link rel=\"canonical\" href=\"https:\/\/gisolutions.lu\/site\/consulting\/\" \/>\n<meta property=\"og:locale\" content=\"fr_FR\" \/>\n<meta property=\"og:type\" content=\"article\" \/>\n<meta property=\"og:title\" content=\"Consulting | GiSolutions | Consulting pour cabinet m\u00e9dicaux et PME\" \/>\n<meta property=\"og:description\" content=\"Nous aidons les petites et moyennes entreprises \u00e0 simplifier, s\u00e9curiser et d\u00e9velopper leur informatique et trouver des solutions concr\u00e8tes.\" \/>\n<meta property=\"og:url\" content=\"https:\/\/gisolutions.lu\/site\/consulting\/\" \/>\n<meta property=\"og:site_name\" content=\"GiSolutions\" \/>\n<meta property=\"article:modified_time\" content=\"2025-09-19T17:08:24+00:00\" \/>\n<meta property=\"og:image\" content=\"https:\/\/gisolutions.lu\/site\/site\/wp-content\/uploads\/2025\/09\/Gisolutions-conculting-informatique-luxembourg-1.jpg\" \/>\n<meta name=\"twitter:card\" content=\"summary_large_image\" \/>\n<meta name=\"twitter:label1\" content=\"Dur\u00e9e de lecture estim\u00e9e\" \/>\n\t<meta name=\"twitter:data1\" content=\"2 minutes\" \/>\n<script type=\"application\/ld+json\" class=\"yoast-schema-graph\">{\"@context\":\"https:\/\/schema.org\",\"@graph\":[{\"@type\":\"WebPage\",\"@id\":\"https:\/\/gisolutions.lu\/site\/consulting\/\",\"url\":\"https:\/\/gisolutions.lu\/site\/consulting\/\",\"name\":\"Consulting | GiSolutions | Consulting pour cabinet m\u00e9dicaux et PME\",\"isPartOf\":{\"@id\":\"https:\/\/gisolutions.lu\/site\/#website\"},\"primaryImageOfPage\":{\"@id\":\"https:\/\/gisolutions.lu\/site\/consulting\/#primaryimage\"},\"image\":{\"@id\":\"https:\/\/gisolutions.lu\/site\/consulting\/#primaryimage\"},\"thumbnailUrl\":\"https:\/\/gisolutions.lu\/site\/site\/wp-content\/uploads\/2025\/09\/Gisolutions-conculting-informatique-luxembourg-1.jpg\",\"datePublished\":\"2025-09-15T09:59:54+00:00\",\"dateModified\":\"2025-09-19T17:08:24+00:00\",\"description\":\"Nous aidons les petites et moyennes entreprises \u00e0 simplifier, s\u00e9curiser et d\u00e9velopper leur informatique et trouver des solutions concr\u00e8tes.\",\"breadcrumb\":{\"@id\":\"https:\/\/gisolutions.lu\/site\/consulting\/#breadcrumb\"},\"inLanguage\":\"fr-FR\",\"potentialAction\":[{\"@type\":\"ReadAction\",\"target\":[\"https:\/\/gisolutions.lu\/site\/consulting\/\"]}]},{\"@type\":\"ImageObject\",\"inLanguage\":\"fr-FR\",\"@id\":\"https:\/\/gisolutions.lu\/site\/consulting\/#primaryimage\",\"url\":\"https:\/\/gisolutions.lu\/site\/wp-content\/uploads\/2025\/09\/Gisolutions-conculting-informatique-luxembourg-1.jpg\",\"contentUrl\":\"https:\/\/gisolutions.lu\/site\/wp-content\/uploads\/2025\/09\/Gisolutions-conculting-informatique-luxembourg-1.jpg\",\"width\":563,\"height\":845},{\"@type\":\"BreadcrumbList\",\"@id\":\"https:\/\/gisolutions.lu\/site\/consulting\/#breadcrumb\",\"itemListElement\":[{\"@type\":\"ListItem\",\"position\":1,\"name\":\"Accueil\",\"item\":\"https:\/\/gisolutions.lu\/site\/\"},{\"@type\":\"ListItem\",\"position\":2,\"name\":\"Consulting\"}]},{\"@type\":\"WebSite\",\"@id\":\"https:\/\/gisolutions.lu\/site\/#website\",\"url\":\"https:\/\/gisolutions.lu\/site\/\",\"name\":\"GiSolutions\",\"description\":\"Vos logiciels de gestion pour le secteur m\u00e9dical\",\"publisher\":{\"@id\":\"https:\/\/gisolutions.lu\/site\/#organization\"},\"potentialAction\":[{\"@type\":\"SearchAction\",\"target\":{\"@type\":\"EntryPoint\",\"urlTemplate\":\"https:\/\/gisolutions.lu\/site\/?s={search_term_string}\"},\"query-input\":{\"@type\":\"PropertyValueSpecification\",\"valueRequired\":true,\"valueName\":\"search_term_string\"}}],\"inLanguage\":\"fr-FR\"},{\"@type\":\"Organization\",\"@id\":\"https:\/\/gisolutions.lu\/site\/#organization\",\"name\":\"GiSolutions\",\"url\":\"https:\/\/gisolutions.lu\/site\/\",\"logo\":{\"@type\":\"ImageObject\",\"inLanguage\":\"fr-FR\",\"@id\":\"https:\/\/gisolutions.lu\/site\/#\/schema\/logo\/image\/\",\"url\":\"https:\/\/gisolutions.lu\/site\/wp-content\/uploads\/2025\/07\/Logo-Gisolutions-gestion-cabinet-medicaux.png\",\"contentUrl\":\"https:\/\/gisolutions.lu\/site\/wp-content\/uploads\/2025\/07\/Logo-Gisolutions-gestion-cabinet-medicaux.png\",\"width\":1080,\"height\":555,\"caption\":\"GiSolutions\"},\"image\":{\"@id\":\"https:\/\/gisolutions.lu\/site\/#\/schema\/logo\/image\/\"}}]}<\/script>\n<!-- \/ Yoast SEO plugin. -->","yoast_head_json":{"title":"Consulting | GiSolutions | Consulting pour cabinet m\u00e9dicaux et PME","description":"Nous aidons les petites et moyennes entreprises \u00e0 simplifier, s\u00e9curiser et d\u00e9velopper leur informatique et trouver des solutions concr\u00e8tes.","robots":{"index":"index","follow":"follow","max-snippet":"max-snippet:-1","max-image-preview":"max-image-preview:large","max-video-preview":"max-video-preview:-1"},"canonical":"https:\/\/gisolutions.lu\/site\/consulting\/","og_locale":"fr_FR","og_type":"article","og_title":"Consulting | GiSolutions | Consulting pour cabinet m\u00e9dicaux et PME","og_description":"Nous aidons les petites et moyennes entreprises \u00e0 simplifier, s\u00e9curiser et d\u00e9velopper leur informatique et trouver des solutions concr\u00e8tes.","og_url":"https:\/\/gisolutions.lu\/site\/consulting\/","og_site_name":"GiSolutions","article_modified_time":"2025-09-19T17:08:24+00:00","og_image":[{"url":"https:\/\/gisolutions.lu\/site\/site\/wp-content\/uploads\/2025\/09\/Gisolutions-conculting-informatique-luxembourg-1.jpg","type":"","width":"","height":""}],"twitter_card":"summary_large_image","twitter_misc":{"Dur\u00e9e de lecture estim\u00e9e":"2 minutes"},"schema":{"@context":"https:\/\/schema.org","@graph":[{"@type":"WebPage","@id":"https:\/\/gisolutions.lu\/site\/consulting\/","url":"https:\/\/gisolutions.lu\/site\/consulting\/","name":"Consulting | GiSolutions | Consulting pour cabinet m\u00e9dicaux et PME","isPartOf":{"@id":"https:\/\/gisolutions.lu\/site\/#website"},"primaryImageOfPage":{"@id":"https:\/\/gisolutions.lu\/site\/consulting\/#primaryimage"},"image":{"@id":"https:\/\/gisolutions.lu\/site\/consulting\/#primaryimage"},"thumbnailUrl":"https:\/\/gisolutions.lu\/site\/site\/wp-content\/uploads\/2025\/09\/Gisolutions-conculting-informatique-luxembourg-1.jpg","datePublished":"2025-09-15T09:59:54+00:00","dateModified":"2025-09-19T17:08:24+00:00","description":"Nous aidons les petites et moyennes entreprises \u00e0 simplifier, s\u00e9curiser et d\u00e9velopper leur informatique et trouver des solutions concr\u00e8tes.","breadcrumb":{"@id":"https:\/\/gisolutions.lu\/site\/consulting\/#breadcrumb"},"inLanguage":"fr-FR","potentialAction":[{"@type":"ReadAction","target":["https:\/\/gisolutions.lu\/site\/consulting\/"]}]},{"@type":"ImageObject","inLanguage":"fr-FR","@id":"https:\/\/gisolutions.lu\/site\/consulting\/#primaryimage","url":"https:\/\/gisolutions.lu\/site\/wp-content\/uploads\/2025\/09\/Gisolutions-conculting-informatique-luxembourg-1.jpg","contentUrl":"https:\/\/gisolutions.lu\/site\/wp-content\/uploads\/2025\/09\/Gisolutions-conculting-informatique-luxembourg-1.jpg","width":563,"height":845},{"@type":"BreadcrumbList","@id":"https:\/\/gisolutions.lu\/site\/consulting\/#breadcrumb","itemListElement":[{"@type":"ListItem","position":1,"name":"Accueil","item":"https:\/\/gisolutions.lu\/site\/"},{"@type":"ListItem","position":2,"name":"Consulting"}]},{"@type":"WebSite","@id":"https:\/\/gisolutions.lu\/site\/#website","url":"https:\/\/gisolutions.lu\/site\/","name":"GiSolutions","description":"Vos logiciels de gestion pour le secteur m\u00e9dical","publisher":{"@id":"https:\/\/gisolutions.lu\/site\/#organization"},"potentialAction":[{"@type":"SearchAction","target":{"@type":"EntryPoint","urlTemplate":"https:\/\/gisolutions.lu\/site\/?s={search_term_string}"},"query-input":{"@type":"PropertyValueSpecification","valueRequired":true,"valueName":"search_term_string"}}],"inLanguage":"fr-FR"},{"@type":"Organization","@id":"https:\/\/gisolutions.lu\/site\/#organization","name":"GiSolutions","url":"https:\/\/gisolutions.lu\/site\/","logo":{"@type":"ImageObject","inLanguage":"fr-FR","@id":"https:\/\/gisolutions.lu\/site\/#\/schema\/logo\/image\/","url":"https:\/\/gisolutions.lu\/site\/wp-content\/uploads\/2025\/07\/Logo-Gisolutions-gestion-cabinet-medicaux.png","contentUrl":"https:\/\/gisolutions.lu\/site\/wp-content\/uploads\/2025\/07\/Logo-Gisolutions-gestion-cabinet-medicaux.png","width":1080,"height":555,"caption":"GiSolutions"},"image":{"@id":"https:\/\/gisolutions.lu\/site\/#\/schema\/logo\/image\/"}}]}},"_links":{"self":[{"href":"https:\/\/gisolutions.lu\/site\/wp-json\/wp\/v2\/pages\/250","targetHints":{"allow":["GET"]}}],"collection":[{"href":"https:\/\/gisolutions.lu\/site\/wp-json\/wp\/v2\/pages"}],"about":[{"href":"https:\/\/gisolutions.lu\/site\/wp-json\/wp\/v2\/types\/page"}],"author":[{"embeddable":true,"href":"https:\/\/gisolutions.lu\/site\/wp-json\/wp\/v2\/users\/2"}],"replies":[{"embeddable":true,"href":"https:\/\/gisolutions.lu\/site\/wp-json\/wp\/v2\/comments?post=250"}],"version-history":[{"count":13,"href":"https:\/\/gisolutions.lu\/site\/wp-json\/wp\/v2\/pages\/250\/revisions"}],"predecessor-version":[{"id":384,"href":"https:\/\/gisolutions.lu\/site\/wp-json\/wp\/v2\/pages\/250\/revisions\/384"}],"wp:attachment":[{"href":"https:\/\/gisolutions.lu\/site\/wp-json\/wp\/v2\/media?parent=250"}],"curies":[{"name":"wp","href":"https:\/\/api.w.org\/{rel}","templated":true}]}}